{"id":821,"date":"2021-07-13T21:50:14","date_gmt":"2021-07-13T21:50:14","guid":{"rendered":"http:\/\/californianorte.com\/?post_type=product&#038;p=821"},"modified":"2026-01-13T10:47:37","modified_gmt":"2026-01-13T18:47:37","slug":"bird-watching-tour","status":"publish","type":"product","link":"https:\/\/californianorte.com\/es\/producto\/bird-watching-tour\/","title":{"rendered":"Tour De Avistamiento De Aves"},"content":{"rendered":"<div class=\"elementor-element elementor-element-7290fac elementor-widget elementor-widget-heading\" data-id=\"7290fac\" data-element_type=\"widget\" data-widget_type=\"heading.default\"><span style=\"font-size: 1rem;\">Ponga a prueba sus habilidades y vea cu\u00e1ntas de las aves locales y migratorias puede identificar en este recorrido. Visitaremos la Isla Todos Santos e islotes cercanos. Un viaje de 5 horas dedicado a los amantes de la naturaleza y las aves, recorreremos zonas exclusivas conocidas solo por los lugare\u00f1os y donde descubrir\u00e1s m\u00e1s sobre estas maravillosas especies.<\/span><\/div>\n<div data-id=\"7290fac\" data-element_type=\"widget\" data-widget_type=\"heading.default\">\n<ul>\n<li><i class=\"far fa-caret-square-right\" aria-hidden=\"true\"><\/i><span class=\"elementor-icon-list-text\">\u00a0 Viaje de 5 horas<\/span><\/li>\n<\/ul>\n<\/div>\n<h4 class=\"elementor-heading-title elementor-size-default\">Incluye:<\/h4>\n<div class=\"elementor-element elementor-element-25070c0 elementor-icon-list--layout-traditional elementor-list-item-link-full_width elementor-widget elementor-widget-icon-list\" data-id=\"25070c0\" data-element_type=\"widget\" data-widget_type=\"icon-list.default\">\n<div class=\"elementor-widget-container\">\n<ul>\n<li><i class=\"far fa-caret-square-right\" aria-hidden=\"true\"><\/i><span class=\"elementor-icon-list-text\">\u00a0 Agua<\/span><\/li>\n<li><i class=\"far fa-caret-square-right\" aria-hidden=\"true\"><\/i><span class=\"elementor-icon-list-text\">\u00a0 Hielo<\/span><\/li>\n<li><i class=\"far fa-caret-square-right\" aria-hidden=\"true\"><\/i><span class=\"elementor-icon-list-text\">\u00a0 Capit\u00e1n<\/span><\/li>\n<li><i class=\"far fa-caret-square-right\" aria-hidden=\"true\"><\/i><span class=\"elementor-icon-list-text\">\u00a0 Marinero<\/span><\/li>\n<\/ul>\n<\/div>\n<\/div>\n<div class=\"elementor-element elementor-element-f823035 elementor-widget elementor-widget-text-editor\" data-id=\"f823035\" data-element_type=\"widget\" data-widget_type=\"text-editor.default\">\n<div class=\"elementor-widget-container\">\n<p><strong>NO incluye miralejos.<\/strong><\/p>\n<\/div>\n<div class=\"elementor-element elementor-element-d5cb5a1 elementor-widget elementor-widget-heading\" data-id=\"d5cb5a1\" data-element_type=\"widget\" data-widget_type=\"heading.default\">\n<div class=\"elementor-widget-container\">\n<h4 class=\"elementor-heading-title elementor-size-default\">No olvides:<\/h4>\n<\/div>\n<\/div>\n<div class=\"elementor-element elementor-element-df04ec5 elementor-icon-list--layout-traditional elementor-list-item-link-full_width elementor-widget elementor-widget-icon-list\" data-id=\"df04ec5\" data-element_type=\"widget\" data-widget_type=\"icon-list.default\">\n<div class=\"elementor-widget-container\">\n<ul>\n<li><i class=\"far fa-caret-square-right\" aria-hidden=\"true\"><\/i><span class=\"elementor-icon-list-text\">\u00a0 Ropa de alto rendimiento (rompe-vientos)<\/span><\/li>\n<li><i class=\"far fa-caret-square-right\" aria-hidden=\"true\"><\/i><span class=\"elementor-icon-list-text\">\u00a0 Gorra<\/span><\/li>\n<li><i class=\"far fa-caret-square-right\" aria-hidden=\"true\"><\/i><span class=\"elementor-icon-list-text\">\u00a0 Lentes<\/span><\/li>\n<li><i class=\"far fa-caret-square-right\" aria-hidden=\"true\"><\/i><span class=\"elementor-icon-list-text\">\u00a0 Bloqueador<\/span><\/li>\n<li><i class=\"far fa-caret-square-right\" aria-hidden=\"true\"><\/i><span class=\"elementor-icon-list-text\">\u00a0 Si es tu primer viaje, bebe Dramamine una hora antes de zarpar.<\/span><\/li>\n<\/ul>\n<\/div>\n<\/div>\n<\/div>","protected":false},"excerpt":{"rendered":"<p><strong>Los precios est\u00e1n en d\u00f3lares estadounidenses.<\/strong><\/p>\n<p><strong>Zarpe<\/strong>: 7:00 am \u2013 9:00 am<\/p>\n<p><strong>Capacidad<\/strong>: Hasta 6 Personas<\/p>\n<p><strong>Tipo de viaje<\/strong>: Privado. Este viaje se organizar\u00e1 solo para tu grupo.<\/p>\n<p>Las especies que observaremos var\u00edan seg\u00fan la temporada del a\u00f1o.<\/p>","protected":false},"featured_media":1213,"comment_status":"open","ping_status":"closed","template":"","meta":{"_acf_changed":false},"product_brand":[],"product_cat":[24,22],"product_tag":[],"class_list":{"0":"post-821","1":"product","2":"type-product","3":"status-publish","4":"has-post-thumbnail","6":"product_cat-bird-watching","7":"product_cat-private-trip","8":"wcpa_has_options","10":"first","11":"instock","12":"shipping-taxable","13":"purchasable","14":"product-type-simple"},"acf":[],"yoast_head":"<!-- This site is optimized with the Yoast SEO plugin v27.5 - https:\/\/yoast.com\/product\/yoast-seo-wordpress\/ -->\n<title>Bird Watching Tour - Tours California Norte<\/title>\n<meta name=\"description\" content=\"The best Bird Watching Tour in Ensenada Baja California. Come see the unique species that are only located in Baja California.\" \/>\n<meta name=\"robots\" content=\"index, follow, max-snippet:-1, max-image-preview:large, max-video-preview:-1\" \/>\n<link rel=\"canonical\" href=\"https:\/\/californianorte.com\/es\/producto\/bird-watching-tour\/\" \/>\n<meta property=\"og:locale\" content=\"es_MX\" \/>\n<meta property=\"og:type\" content=\"article\" \/>\n<meta property=\"og:title\" content=\"Bird Watching Tour - Tours California Norte\" \/>\n<meta property=\"og:description\" content=\"The best Bird Watching Tour in Ensenada Baja California. Come see the unique species that are only located in Baja California.\" \/>\n<meta property=\"og:url\" content=\"https:\/\/californianorte.com\/es\/producto\/bird-watching-tour\/\" \/>\n<meta property=\"og:site_name\" content=\"Tours California Norte\" \/>\n<meta property=\"article:modified_time\" content=\"2026-01-13T18:47:37+00:00\" \/>\n<meta property=\"og:image\" content=\"https:\/\/californianorte.com\/wp-content\/uploads\/2021\/07\/bird-watching-ensenada.jpg\" \/>\n\t<meta property=\"og:image:width\" content=\"800\" \/>\n\t<meta property=\"og:image:height\" content=\"800\" \/>\n\t<meta property=\"og:image:type\" content=\"image\/jpeg\" \/>\n<meta name=\"twitter:card\" content=\"summary_large_image\" \/>\n<meta name=\"twitter:label1\" content=\"Tiempo de lectura\" \/>\n\t<meta name=\"twitter:data1\" content=\"1 minuto\" \/>\n<script type=\"application\/ld+json\" class=\"yoast-schema-graph\">{\"@context\":\"https:\\\/\\\/schema.org\",\"@graph\":[{\"@type\":\"WebPage\",\"@id\":\"https:\\\/\\\/californianorte.com\\\/product\\\/bird-watching-tour\\\/\",\"url\":\"https:\\\/\\\/californianorte.com\\\/product\\\/bird-watching-tour\\\/\",\"name\":\"Bird Watching Tour - Tours California Norte\",\"isPartOf\":{\"@id\":\"https:\\\/\\\/californianorte.com\\\/#website\"},\"primaryImageOfPage\":{\"@id\":\"https:\\\/\\\/californianorte.com\\\/product\\\/bird-watching-tour\\\/#primaryimage\"},\"image\":{\"@id\":\"https:\\\/\\\/californianorte.com\\\/product\\\/bird-watching-tour\\\/#primaryimage\"},\"thumbnailUrl\":\"https:\\\/\\\/californianorte.com\\\/wp-content\\\/uploads\\\/2021\\\/07\\\/bird-watching-ensenada.jpg\",\"datePublished\":\"2021-07-13T21:50:14+00:00\",\"dateModified\":\"2026-01-13T18:47:37+00:00\",\"description\":\"The best Bird Watching Tour in Ensenada Baja California. Come see the unique species that are only located in Baja California.\",\"breadcrumb\":{\"@id\":\"https:\\\/\\\/californianorte.com\\\/product\\\/bird-watching-tour\\\/#breadcrumb\"},\"inLanguage\":\"es\",\"potentialAction\":[{\"@type\":\"ReadAction\",\"target\":[\"https:\\\/\\\/californianorte.com\\\/product\\\/bird-watching-tour\\\/\"]}]},{\"@type\":\"ImageObject\",\"inLanguage\":\"es\",\"@id\":\"https:\\\/\\\/californianorte.com\\\/product\\\/bird-watching-tour\\\/#primaryimage\",\"url\":\"https:\\\/\\\/californianorte.com\\\/wp-content\\\/uploads\\\/2021\\\/07\\\/bird-watching-ensenada.jpg\",\"contentUrl\":\"https:\\\/\\\/californianorte.com\\\/wp-content\\\/uploads\\\/2021\\\/07\\\/bird-watching-ensenada.jpg\",\"width\":800,\"height\":800,\"caption\":\"Bird Watching\"},{\"@type\":\"BreadcrumbList\",\"@id\":\"https:\\\/\\\/californianorte.com\\\/product\\\/bird-watching-tour\\\/#breadcrumb\",\"itemListElement\":[{\"@type\":\"ListItem\",\"position\":1,\"name\":\"Home\",\"item\":\"https:\\\/\\\/californianorte.com\\\/\"},{\"@type\":\"ListItem\",\"position\":2,\"name\":\"Shop\",\"item\":\"https:\\\/\\\/californianorte.com\\\/es\\\/shop\\\/\"},{\"@type\":\"ListItem\",\"position\":3,\"name\":\"Bird Watching Tour\"}]},{\"@type\":\"WebSite\",\"@id\":\"https:\\\/\\\/californianorte.com\\\/#website\",\"url\":\"https:\\\/\\\/californianorte.com\\\/\",\"name\":\"Tours California Norte\",\"description\":\"Sportfishing Ensenada Tours\",\"potentialAction\":[{\"@type\":\"SearchAction\",\"target\":{\"@type\":\"EntryPoint\",\"urlTemplate\":\"https:\\\/\\\/californianorte.com\\\/?s={search_term_string}\"},\"query-input\":{\"@type\":\"PropertyValueSpecification\",\"valueRequired\":true,\"valueName\":\"search_term_string\"}}],\"inLanguage\":\"es\"}]}<\/script>\n<!-- \/ Yoast SEO plugin. -->","yoast_head_json":{"title":"Bird Watching Tour - Tours California Norte","description":"The best Bird Watching Tour in Ensenada Baja California. Come see the unique species that are only located in Baja California.","robots":{"index":"index","follow":"follow","max-snippet":"max-snippet:-1","max-image-preview":"max-image-preview:large","max-video-preview":"max-video-preview:-1"},"canonical":"https:\/\/californianorte.com\/es\/producto\/bird-watching-tour\/","og_locale":"es_MX","og_type":"article","og_title":"Bird Watching Tour - Tours California Norte","og_description":"The best Bird Watching Tour in Ensenada Baja California. Come see the unique species that are only located in Baja California.","og_url":"https:\/\/californianorte.com\/es\/producto\/bird-watching-tour\/","og_site_name":"Tours California Norte","article_modified_time":"2026-01-13T18:47:37+00:00","og_image":[{"width":800,"height":800,"url":"https:\/\/californianorte.com\/wp-content\/uploads\/2021\/07\/bird-watching-ensenada.jpg","type":"image\/jpeg"}],"twitter_card":"summary_large_image","twitter_misc":{"Tiempo de lectura":"1 minuto"},"schema":{"@context":"https:\/\/schema.org","@graph":[{"@type":"WebPage","@id":"https:\/\/californianorte.com\/product\/bird-watching-tour\/","url":"https:\/\/californianorte.com\/product\/bird-watching-tour\/","name":"Bird Watching Tour - Tours California Norte","isPartOf":{"@id":"https:\/\/californianorte.com\/#website"},"primaryImageOfPage":{"@id":"https:\/\/californianorte.com\/product\/bird-watching-tour\/#primaryimage"},"image":{"@id":"https:\/\/californianorte.com\/product\/bird-watching-tour\/#primaryimage"},"thumbnailUrl":"https:\/\/californianorte.com\/wp-content\/uploads\/2021\/07\/bird-watching-ensenada.jpg","datePublished":"2021-07-13T21:50:14+00:00","dateModified":"2026-01-13T18:47:37+00:00","description":"The best Bird Watching Tour in Ensenada Baja California. Come see the unique species that are only located in Baja California.","breadcrumb":{"@id":"https:\/\/californianorte.com\/product\/bird-watching-tour\/#breadcrumb"},"inLanguage":"es","potentialAction":[{"@type":"ReadAction","target":["https:\/\/californianorte.com\/product\/bird-watching-tour\/"]}]},{"@type":"ImageObject","inLanguage":"es","@id":"https:\/\/californianorte.com\/product\/bird-watching-tour\/#primaryimage","url":"https:\/\/californianorte.com\/wp-content\/uploads\/2021\/07\/bird-watching-ensenada.jpg","contentUrl":"https:\/\/californianorte.com\/wp-content\/uploads\/2021\/07\/bird-watching-ensenada.jpg","width":800,"height":800,"caption":"Bird Watching"},{"@type":"BreadcrumbList","@id":"https:\/\/californianorte.com\/product\/bird-watching-tour\/#breadcrumb","itemListElement":[{"@type":"ListItem","position":1,"name":"Home","item":"https:\/\/californianorte.com\/"},{"@type":"ListItem","position":2,"name":"Shop","item":"https:\/\/californianorte.com\/es\/shop\/"},{"@type":"ListItem","position":3,"name":"Bird Watching Tour"}]},{"@type":"WebSite","@id":"https:\/\/californianorte.com\/#website","url":"https:\/\/californianorte.com\/","name":"Tours California Norte","description":"Sportfishing Ensenada Tours","potentialAction":[{"@type":"SearchAction","target":{"@type":"EntryPoint","urlTemplate":"https:\/\/californianorte.com\/?s={search_term_string}"},"query-input":{"@type":"PropertyValueSpecification","valueRequired":true,"valueName":"search_term_string"}}],"inLanguage":"es"}]}},"_links":{"self":[{"href":"https:\/\/californianorte.com\/es\/wp-json\/wp\/v2\/product\/821","targetHints":{"allow":["GET"]}}],"collection":[{"href":"https:\/\/californianorte.com\/es\/wp-json\/wp\/v2\/product"}],"about":[{"href":"https:\/\/californianorte.com\/es\/wp-json\/wp\/v2\/types\/product"}],"replies":[{"embeddable":true,"href":"https:\/\/californianorte.com\/es\/wp-json\/wp\/v2\/comments?post=821"}],"wp:featuredmedia":[{"embeddable":true,"href":"https:\/\/californianorte.com\/es\/wp-json\/wp\/v2\/media\/1213"}],"wp:attachment":[{"href":"https:\/\/californianorte.com\/es\/wp-json\/wp\/v2\/media?parent=821"}],"wp:term":[{"taxonomy":"product_brand","embeddable":true,"href":"https:\/\/californianorte.com\/es\/wp-json\/wp\/v2\/product_brand?post=821"},{"taxonomy":"product_cat","embeddable":true,"href":"https:\/\/californianorte.com\/es\/wp-json\/wp\/v2\/product_cat?post=821"},{"taxonomy":"product_tag","embeddable":true,"href":"https:\/\/californianorte.com\/es\/wp-json\/wp\/v2\/product_tag?post=821"}],"curies":[{"name":"wp","href":"https:\/\/api.w.org\/{rel}","templated":true}]}}