{"id":820,"date":"2021-07-13T21:48:54","date_gmt":"2021-07-13T21:48:54","guid":{"rendered":"http:\/\/californianorte.com\/?post_type=product&#038;p=820"},"modified":"2026-01-13T10:47:48","modified_gmt":"2026-01-13T18:47:48","slug":"rent-of-boats-and-pangas","status":"publish","type":"product","link":"https:\/\/californianorte.com\/es\/producto\/rent-of-boats-and-pangas\/","title":{"rendered":"Renta De Barcos Y Pangas"},"content":{"rendered":"<p>Si eres m\u00e1s aventurero, con nuestro alquiler de botes o pangas puedes hacer un recorrido por la bah\u00eda o simplemente anclarte donde quieras. Nuestros botes m\u00e1s r\u00e1pidos de 25 a 28 pies te llevar\u00e1n a tu destino a\u00fan m\u00e1s r\u00e1pido, maximizando el tiempo de tu aventura. Con la gu\u00eda de nuestro capit\u00e1n y marinero, que te acompa\u00f1ar\u00e1n en el viaje, lo \u00fanico de lo que tienes que preocuparte es de disfrutar de la brisa del aire, de la adrenalina de llegar a cada punto y de la libertad que solo unos pocos conocen al navegar. Puedes elegir zarpar a las 9:00 am o a las 4:00 pm.<\/p>\n<div class=\"elementor-element elementor-element-1bbc1eb elementor-widget elementor-widget-heading\" data-id=\"1bbc1eb\" data-element_type=\"widget\" data-widget_type=\"heading.default\">\n<div class=\"elementor-widget-container\">\n<h4 class=\"elementor-heading-title elementor-size-default\">Incluye:<\/h4>\n<\/div>\n<\/div>\n<div class=\"elementor-element elementor-element-bb15cd3 elementor-icon-list--layout-traditional elementor-list-item-link-full_width elementor-widget elementor-widget-icon-list\" data-id=\"bb15cd3\" data-element_type=\"widget\" data-widget_type=\"icon-list.default\">\n<div class=\"elementor-widget-container\">\n<ul>\n<li><i class=\"far fa-caret-square-right\" aria-hidden=\"true\"><\/i><span class=\"elementor-icon-list-text\">\u00a04 Horas de navegaci\u00f3n o anclado<\/span><\/li>\n<li><i class=\"far fa-caret-square-right\" aria-hidden=\"true\"><\/i><span class=\"elementor-icon-list-text\">\u00a0Agua<\/span><\/li>\n<li><i class=\"far fa-caret-square-right\" aria-hidden=\"true\"><\/i><span class=\"elementor-icon-list-text\">\u00a0Capit\u00e1n<\/span><\/li>\n<li><i class=\"far fa-caret-square-right\" aria-hidden=\"true\"><\/i><span class=\"elementor-icon-list-text\">\u00a0Marinero<\/span><\/li>\n<\/ul>\n<\/div>\n<\/div>\n<div class=\"elementor-element elementor-element-77dba5a elementor-widget elementor-widget-text-editor\" data-id=\"77dba5a\" data-element_type=\"widget\" data-widget_type=\"text-editor.default\">\n<div class=\"elementor-widget-container\">\n<p><strong>NO incluye comida ni degustaciones o licencia de pesca en caso de ser requerida.<\/strong><\/p>\n<\/div>\n<div class=\"elementor-element elementor-element-c3b17ba elementor-widget elementor-widget-heading\" data-id=\"c3b17ba\" data-element_type=\"widget\" data-widget_type=\"heading.default\">\n<div class=\"elementor-widget-container\">\n<h4 class=\"elementor-heading-title elementor-size-default\">No olvides:<\/h4>\n<\/div>\n<\/div>\n<div class=\"elementor-element elementor-element-4886cdd elementor-icon-list--layout-traditional elementor-list-item-link-full_width elementor-widget elementor-widget-icon-list\" data-id=\"4886cdd\" data-element_type=\"widget\" data-widget_type=\"icon-list.default\">\n<div class=\"elementor-widget-container\">\n<ul>\n<li><i class=\"far fa-caret-square-right\" aria-hidden=\"true\"><\/i><span class=\"elementor-icon-list-text\">\u00a0 Ropa de alto rendimiento (rompe-vientos)<\/span><\/li>\n<li><i class=\"far fa-caret-square-right\" aria-hidden=\"true\"><\/i><span class=\"elementor-icon-list-text\">\u00a0 Gorra<\/span><\/li>\n<li><i class=\"far fa-caret-square-right\" aria-hidden=\"true\"><\/i><span class=\"elementor-icon-list-text\">\u00a0 Lentes<\/span><\/li>\n<li><i class=\"far fa-caret-square-right\" aria-hidden=\"true\"><\/i><span class=\"elementor-icon-list-text\">\u00a0 Bloqueador<\/span><\/li>\n<li><i class=\"far fa-caret-square-right\" aria-hidden=\"true\"><\/i><span class=\"elementor-icon-list-text\">\u00a0 Si es tu primer viaje, bebe drama m\u00edo una hora antes de zarpar.<\/span><\/li>\n<\/ul>\n<\/div>\n<\/div>\n<\/div>","protected":false},"excerpt":{"rendered":"<p><strong>Los precios est\u00e1n en d\u00f3lares estadounidenses.<\/strong><\/p>\n<p><strong>Zarpar a las:<\/strong> 9:00am o 4:00pm<\/p>\n<p><strong>Capacidad:<\/strong> 4 -11 Personas<\/p>\n<p><strong>Tipo de viaje:<\/strong> Privado. Este viaje se organizar\u00e1 solo para su grupo.<\/p>","protected":false},"featured_media":2066,"comment_status":"open","ping_status":"closed","template":"","meta":{"_acf_changed":false},"product_brand":[],"product_cat":[31,22],"product_tag":[],"class_list":{"0":"post-820","1":"product","2":"type-product","3":"status-publish","4":"has-post-thumbnail","6":"product_cat-boat-panga-rental","7":"product_cat-private-trip","8":"wcpa_has_options","10":"first","11":"instock","12":"shipping-taxable","13":"purchasable","14":"product-type-variable"},"acf":[],"yoast_head":"<!-- This site is optimized with the Yoast SEO plugin v27.5 - https:\/\/yoast.com\/product\/yoast-seo-wordpress\/ -->\n<title>Rental Of Boats And Pangas - Tours California Norte<\/title>\n<meta name=\"description\" content=\"Rental Of Boats And Pangas in Ensenada, Baja California. 4 Hour fishing trip. Capacity of up to 9 people per group. Inshore and Offshore trips available.\" \/>\n<meta name=\"robots\" content=\"index, follow, max-snippet:-1, max-image-preview:large, max-video-preview:-1\" \/>\n<link rel=\"canonical\" href=\"https:\/\/californianorte.com\/es\/producto\/rent-of-boats-and-pangas\/\" \/>\n<meta property=\"og:locale\" content=\"es_MX\" \/>\n<meta property=\"og:type\" content=\"article\" \/>\n<meta property=\"og:title\" content=\"Rental Of Boats And Pangas - Tours California Norte\" \/>\n<meta property=\"og:description\" content=\"Rental Of Boats And Pangas in Ensenada, Baja California. 4 Hour fishing trip. Capacity of up to 9 people per group. Inshore and Offshore trips available.\" \/>\n<meta property=\"og:url\" content=\"https:\/\/californianorte.com\/es\/producto\/rent-of-boats-and-pangas\/\" \/>\n<meta property=\"og:site_name\" content=\"Tours California Norte\" \/>\n<meta property=\"article:modified_time\" content=\"2026-01-13T18:47:48+00:00\" \/>\n<meta property=\"og:image\" content=\"https:\/\/californianorte.com\/wp-content\/uploads\/2021\/07\/charter-boat-rentals-ensenada-baja.jpg\" \/>\n\t<meta property=\"og:image:width\" content=\"800\" \/>\n\t<meta property=\"og:image:height\" content=\"800\" \/>\n\t<meta property=\"og:image:type\" content=\"image\/jpeg\" \/>\n<meta name=\"twitter:card\" content=\"summary_large_image\" \/>\n<meta name=\"twitter:label1\" content=\"Tiempo de lectura\" \/>\n\t<meta name=\"twitter:data1\" content=\"1 minuto\" \/>\n<script type=\"application\/ld+json\" class=\"yoast-schema-graph\">{\"@context\":\"https:\\\/\\\/schema.org\",\"@graph\":[{\"@type\":\"WebPage\",\"@id\":\"https:\\\/\\\/californianorte.com\\\/product\\\/rent-of-boats-and-pangas\\\/\",\"url\":\"https:\\\/\\\/californianorte.com\\\/product\\\/rent-of-boats-and-pangas\\\/\",\"name\":\"Rental Of Boats And Pangas - Tours California Norte\",\"isPartOf\":{\"@id\":\"https:\\\/\\\/californianorte.com\\\/#website\"},\"primaryImageOfPage\":{\"@id\":\"https:\\\/\\\/californianorte.com\\\/product\\\/rent-of-boats-and-pangas\\\/#primaryimage\"},\"image\":{\"@id\":\"https:\\\/\\\/californianorte.com\\\/product\\\/rent-of-boats-and-pangas\\\/#primaryimage\"},\"thumbnailUrl\":\"https:\\\/\\\/californianorte.com\\\/wp-content\\\/uploads\\\/2021\\\/07\\\/charter-boat-rentals-ensenada-baja.jpg\",\"datePublished\":\"2021-07-13T21:48:54+00:00\",\"dateModified\":\"2026-01-13T18:47:48+00:00\",\"description\":\"Rental Of Boats And Pangas in Ensenada, Baja California. 4 Hour fishing trip. Capacity of up to 9 people per group. Inshore and Offshore trips available.\",\"breadcrumb\":{\"@id\":\"https:\\\/\\\/californianorte.com\\\/product\\\/rent-of-boats-and-pangas\\\/#breadcrumb\"},\"inLanguage\":\"es\",\"potentialAction\":[{\"@type\":\"ReadAction\",\"target\":[\"https:\\\/\\\/californianorte.com\\\/product\\\/rent-of-boats-and-pangas\\\/\"]}]},{\"@type\":\"ImageObject\",\"inLanguage\":\"es\",\"@id\":\"https:\\\/\\\/californianorte.com\\\/product\\\/rent-of-boats-and-pangas\\\/#primaryimage\",\"url\":\"https:\\\/\\\/californianorte.com\\\/wp-content\\\/uploads\\\/2021\\\/07\\\/charter-boat-rentals-ensenada-baja.jpg\",\"contentUrl\":\"https:\\\/\\\/californianorte.com\\\/wp-content\\\/uploads\\\/2021\\\/07\\\/charter-boat-rentals-ensenada-baja.jpg\",\"width\":800,\"height\":800,\"caption\":\"charter boat rentals ensenada baja\"},{\"@type\":\"BreadcrumbList\",\"@id\":\"https:\\\/\\\/californianorte.com\\\/product\\\/rent-of-boats-and-pangas\\\/#breadcrumb\",\"itemListElement\":[{\"@type\":\"ListItem\",\"position\":1,\"name\":\"Home\",\"item\":\"https:\\\/\\\/californianorte.com\\\/\"},{\"@type\":\"ListItem\",\"position\":2,\"name\":\"Shop\",\"item\":\"https:\\\/\\\/californianorte.com\\\/es\\\/shop\\\/\"},{\"@type\":\"ListItem\",\"position\":3,\"name\":\"Rental Of Boats And Pangas\"}]},{\"@type\":\"WebSite\",\"@id\":\"https:\\\/\\\/californianorte.com\\\/#website\",\"url\":\"https:\\\/\\\/californianorte.com\\\/\",\"name\":\"Tours California Norte\",\"description\":\"Sportfishing Ensenada Tours\",\"potentialAction\":[{\"@type\":\"SearchAction\",\"target\":{\"@type\":\"EntryPoint\",\"urlTemplate\":\"https:\\\/\\\/californianorte.com\\\/?s={search_term_string}\"},\"query-input\":{\"@type\":\"PropertyValueSpecification\",\"valueRequired\":true,\"valueName\":\"search_term_string\"}}],\"inLanguage\":\"es\"}]}<\/script>\n<!-- \/ Yoast SEO plugin. -->","yoast_head_json":{"title":"Rental Of Boats And Pangas - Tours California Norte","description":"Rental Of Boats And Pangas in Ensenada, Baja California. 4 Hour fishing trip. Capacity of up to 9 people per group. Inshore and Offshore trips available.","robots":{"index":"index","follow":"follow","max-snippet":"max-snippet:-1","max-image-preview":"max-image-preview:large","max-video-preview":"max-video-preview:-1"},"canonical":"https:\/\/californianorte.com\/es\/producto\/rent-of-boats-and-pangas\/","og_locale":"es_MX","og_type":"article","og_title":"Rental Of Boats And Pangas - Tours California Norte","og_description":"Rental Of Boats And Pangas in Ensenada, Baja California. 4 Hour fishing trip. Capacity of up to 9 people per group. Inshore and Offshore trips available.","og_url":"https:\/\/californianorte.com\/es\/producto\/rent-of-boats-and-pangas\/","og_site_name":"Tours California Norte","article_modified_time":"2026-01-13T18:47:48+00:00","og_image":[{"width":800,"height":800,"url":"https:\/\/californianorte.com\/wp-content\/uploads\/2021\/07\/charter-boat-rentals-ensenada-baja.jpg","type":"image\/jpeg"}],"twitter_card":"summary_large_image","twitter_misc":{"Tiempo de lectura":"1 minuto"},"schema":{"@context":"https:\/\/schema.org","@graph":[{"@type":"WebPage","@id":"https:\/\/californianorte.com\/product\/rent-of-boats-and-pangas\/","url":"https:\/\/californianorte.com\/product\/rent-of-boats-and-pangas\/","name":"Rental Of Boats And Pangas - Tours California Norte","isPartOf":{"@id":"https:\/\/californianorte.com\/#website"},"primaryImageOfPage":{"@id":"https:\/\/californianorte.com\/product\/rent-of-boats-and-pangas\/#primaryimage"},"image":{"@id":"https:\/\/californianorte.com\/product\/rent-of-boats-and-pangas\/#primaryimage"},"thumbnailUrl":"https:\/\/californianorte.com\/wp-content\/uploads\/2021\/07\/charter-boat-rentals-ensenada-baja.jpg","datePublished":"2021-07-13T21:48:54+00:00","dateModified":"2026-01-13T18:47:48+00:00","description":"Rental Of Boats And Pangas in Ensenada, Baja California. 4 Hour fishing trip. Capacity of up to 9 people per group. Inshore and Offshore trips available.","breadcrumb":{"@id":"https:\/\/californianorte.com\/product\/rent-of-boats-and-pangas\/#breadcrumb"},"inLanguage":"es","potentialAction":[{"@type":"ReadAction","target":["https:\/\/californianorte.com\/product\/rent-of-boats-and-pangas\/"]}]},{"@type":"ImageObject","inLanguage":"es","@id":"https:\/\/californianorte.com\/product\/rent-of-boats-and-pangas\/#primaryimage","url":"https:\/\/californianorte.com\/wp-content\/uploads\/2021\/07\/charter-boat-rentals-ensenada-baja.jpg","contentUrl":"https:\/\/californianorte.com\/wp-content\/uploads\/2021\/07\/charter-boat-rentals-ensenada-baja.jpg","width":800,"height":800,"caption":"charter boat rentals ensenada baja"},{"@type":"BreadcrumbList","@id":"https:\/\/californianorte.com\/product\/rent-of-boats-and-pangas\/#breadcrumb","itemListElement":[{"@type":"ListItem","position":1,"name":"Home","item":"https:\/\/californianorte.com\/"},{"@type":"ListItem","position":2,"name":"Shop","item":"https:\/\/californianorte.com\/es\/shop\/"},{"@type":"ListItem","position":3,"name":"Rental Of Boats And Pangas"}]},{"@type":"WebSite","@id":"https:\/\/californianorte.com\/#website","url":"https:\/\/californianorte.com\/","name":"Tours California Norte","description":"Sportfishing Ensenada Tours","potentialAction":[{"@type":"SearchAction","target":{"@type":"EntryPoint","urlTemplate":"https:\/\/californianorte.com\/?s={search_term_string}"},"query-input":{"@type":"PropertyValueSpecification","valueRequired":true,"valueName":"search_term_string"}}],"inLanguage":"es"}]}},"_links":{"self":[{"href":"https:\/\/californianorte.com\/es\/wp-json\/wp\/v2\/product\/820","targetHints":{"allow":["GET"]}}],"collection":[{"href":"https:\/\/californianorte.com\/es\/wp-json\/wp\/v2\/product"}],"about":[{"href":"https:\/\/californianorte.com\/es\/wp-json\/wp\/v2\/types\/product"}],"replies":[{"embeddable":true,"href":"https:\/\/californianorte.com\/es\/wp-json\/wp\/v2\/comments?post=820"}],"wp:featuredmedia":[{"embeddable":true,"href":"https:\/\/californianorte.com\/es\/wp-json\/wp\/v2\/media\/2066"}],"wp:attachment":[{"href":"https:\/\/californianorte.com\/es\/wp-json\/wp\/v2\/media?parent=820"}],"wp:term":[{"taxonomy":"product_brand","embeddable":true,"href":"https:\/\/californianorte.com\/es\/wp-json\/wp\/v2\/product_brand?post=820"},{"taxonomy":"product_cat","embeddable":true,"href":"https:\/\/californianorte.com\/es\/wp-json\/wp\/v2\/product_cat?post=820"},{"taxonomy":"product_tag","embeddable":true,"href":"https:\/\/californianorte.com\/es\/wp-json\/wp\/v2\/product_tag?post=820"}],"curies":[{"name":"wp","href":"https:\/\/api.w.org\/{rel}","templated":true}]}}