{"id":818,"date":"2021-07-13T21:44:30","date_gmt":"2021-07-13T21:44:30","guid":{"rendered":"http:\/\/californianorte.com\/?post_type=product&#038;p=818"},"modified":"2026-01-13T10:48:13","modified_gmt":"2026-01-13T18:48:13","slug":"route-of-the-sea","status":"publish","type":"product","link":"https:\/\/californianorte.com\/es\/producto\/route-of-the-sea\/","title":{"rendered":"Ruta del Mar"},"content":{"rendered":"<div class=\"elementor-element elementor-element-bc1b856 elementor-widget elementor-widget-heading\" data-id=\"bc1b856\" data-element_type=\"widget\" data-widget_type=\"heading.default\">\n<div class=\"elementor-widget-container\">\n<p>Conoce Ensenada desde el mar, una excursi\u00f3n donde explorar\u00e1s otras de las bondades \nde la ciudad, y en la que mezclamos gastronom\u00eda y naturaleza mientras exploramos la bah\u00eda.<\/p>\n<p>Un d\u00eda con una ruta espectacular donde recorreremos lugares \u00fanicos que muy pocos conocen, incluidos los propios lugare\u00f1os. Nuestra ruta comenzar\u00e1 en las granjas de ostras de la zona donde explicar\u00e1n sus procesos y donde existe la posibilidad de realizar una cata*.<\/p>\n<p>seguido pasaremos a la Isla Todos Santos y visitaremos las granjas de un pez hibrido de caracter\u00edsticas muy especiales gracias a los procesos e investigaci\u00f3n que hay en su cultivo; y para terminar recorreremos la isla para disfrutar de la flora y fauna marina excepciona<\/p>\n<ul>\n<li><i class=\"far fa-caret-square-right\" aria-hidden=\"true\"><\/i>\u00a0Viaje de 5 Horas<\/li>\n<\/ul>\n<h4>Incluye:<\/h4>\n<\/div>\n<\/div>\n<div class=\"elementor-element elementor-element-b7eb3be elementor-icon-list--layout-traditional elementor-list-item-link-full_width elementor-widget elementor-widget-icon-list\" data-id=\"b7eb3be\" data-element_type=\"widget\" data-widget_type=\"icon-list.default\">\n<div class=\"elementor-widget-container\">\n<ul>\n<li><i class=\"far fa-caret-square-right\" aria-hidden=\"true\"><\/i><span class=\"elementor-icon-list-text\">\u00a0 Agua<\/span><\/li>\n<li><i class=\"far fa-caret-square-right\" aria-hidden=\"true\"><\/i><span class=\"elementor-icon-list-text\">\u00a0 Capit\u00e1n<\/span><\/li>\n<li><i class=\"far fa-caret-square-right\" aria-hidden=\"true\"><\/i><span class=\"elementor-icon-list-text\">\u00a0 Marinero<\/span><\/li>\n<\/ul>\n<\/div>\n<\/div>\n<div class=\"elementor-element elementor-element-4eb0e08 elementor-widget elementor-widget-text-editor\" data-id=\"4eb0e08\" data-element_type=\"widget\" data-widget_type=\"text-editor.default\">\n<div class=\"elementor-widget-container\">\n<p><strong>NO incluye degustaci\u00f3n de ostras<\/strong><\/p>\n<\/div>\n<div class=\"elementor-element elementor-element-ececc85 elementor-widget elementor-widget-heading\" data-id=\"ececc85\" data-element_type=\"widget\" data-widget_type=\"heading.default\">\n<div class=\"elementor-widget-container\">\n<h4 class=\"elementor-heading-title elementor-size-default\">No olvides:<\/h4>\n<\/div>\n<\/div>\n<div class=\"elementor-element elementor-element-e5409b0 elementor-icon-list--layout-traditional elementor-list-item-link-full_width elementor-widget elementor-widget-icon-list\" data-id=\"e5409b0\" data-element_type=\"widget\" data-widget_type=\"icon-list.default\">\n<div class=\"elementor-widget-container\">\n<ul>\n<li><i class=\"far fa-caret-square-right\" aria-hidden=\"true\"><\/i><span class=\"elementor-icon-list-text\">\u00a0 Ropa de alto rendimiento (rompe-vientos)<\/span><\/li>\n<li><i class=\"far fa-caret-square-right\" aria-hidden=\"true\"><\/i><span class=\"elementor-icon-list-text\">\u00a0 Gorra<\/span><\/li>\n<li><i class=\"far fa-caret-square-right\" aria-hidden=\"true\"><\/i><span class=\"elementor-icon-list-text\">\u00a0 Lentes<\/span><\/li>\n<li><i class=\"far fa-caret-square-right\" aria-hidden=\"true\"><\/i><span class=\"elementor-icon-list-text\">\u00a0 Bloqueador<\/span><\/li>\n<li><i class=\"far fa-caret-square-right\" aria-hidden=\"true\"><\/i><span class=\"elementor-icon-list-text\">\u00a0 Si es tu primer viaje, bebe drama m\u00edo una hora antes de zarpar.<\/span><\/li>\n<\/ul>\n<p>&nbsp;<\/p>\n<\/div>\n<\/div>\n<\/div>","protected":false},"excerpt":{"rendered":"<p><strong>Los precios est\u00e1n en d\u00f3lares estadounidenses.<\/strong><\/p>\n<p><strong>Zarpar a las:<\/strong> 7:00 am<\/p>\n<p><strong>Capacidad: <\/strong>Hasta 6 Personas<br \/>\n* $54 por persona adicional, m\u00e1ximo 12 personas<\/p>\n<p><strong>Tipo de viaje: Privado. <\/strong>Este viaje se organizar\u00e1 solo para tu\ngrupo.<\/p>","protected":false},"featured_media":862,"comment_status":"open","ping_status":"closed","template":"","meta":{"_acf_changed":false},"product_brand":[],"product_cat":[23,22],"product_tag":[],"class_list":{"0":"post-818","1":"product","2":"type-product","3":"status-publish","4":"has-post-thumbnail","6":"product_cat-excursion","7":"product_cat-private-trip","8":"wcpa_has_options","10":"first","11":"instock","12":"shipping-taxable","13":"purchasable","14":"product-type-variable"},"acf":[],"yoast_head":"<!-- This site is optimized with the Yoast SEO plugin v27.2 - https:\/\/yoast.com\/product\/yoast-seo-wordpress\/ -->\n<title>Sea Route - Tours California Norte<\/title>\n<meta name=\"description\" content=\"Ensenada sea excursions provides romantic charter boat tours in a beautiful yacht you surely will enjoy. Ensenada excursions.\" \/>\n<meta name=\"robots\" content=\"index, follow, max-snippet:-1, max-image-preview:large, max-video-preview:-1\" \/>\n<link rel=\"canonical\" href=\"https:\/\/californianorte.com\/es\/producto\/route-of-the-sea\/\" \/>\n<meta property=\"og:locale\" content=\"es_MX\" \/>\n<meta property=\"og:type\" content=\"article\" \/>\n<meta property=\"og:title\" content=\"Sea Route - Tours California Norte\" \/>\n<meta property=\"og:description\" content=\"Ensenada sea excursions provides romantic charter boat tours in a beautiful yacht you surely will enjoy. Ensenada excursions.\" \/>\n<meta property=\"og:url\" content=\"https:\/\/californianorte.com\/es\/producto\/route-of-the-sea\/\" \/>\n<meta property=\"og:site_name\" content=\"Tours California Norte\" \/>\n<meta property=\"article:modified_time\" content=\"2026-01-13T18:48:13+00:00\" \/>\n<meta property=\"og:image\" content=\"https:\/\/californianorte.com\/wp-content\/uploads\/2021\/07\/Route-Of-The-Sea-in-ensenada.jpg\" \/>\n\t<meta property=\"og:image:width\" content=\"800\" \/>\n\t<meta property=\"og:image:height\" content=\"800\" \/>\n\t<meta property=\"og:image:type\" content=\"image\/jpeg\" \/>\n<meta name=\"twitter:card\" content=\"summary_large_image\" \/>\n<meta name=\"twitter:label1\" content=\"Tiempo de lectura\" \/>\n\t<meta name=\"twitter:data1\" content=\"1 minuto\" \/>\n<script type=\"application\/ld+json\" class=\"yoast-schema-graph\">{\"@context\":\"https:\/\/schema.org\",\"@graph\":[{\"@type\":\"WebPage\",\"@id\":\"https:\/\/californianorte.com\/product\/route-of-the-sea\/\",\"url\":\"https:\/\/californianorte.com\/product\/route-of-the-sea\/\",\"name\":\"Sea Route - Tours California Norte\",\"isPartOf\":{\"@id\":\"https:\/\/californianorte.com\/#website\"},\"primaryImageOfPage\":{\"@id\":\"https:\/\/californianorte.com\/product\/route-of-the-sea\/#primaryimage\"},\"image\":{\"@id\":\"https:\/\/californianorte.com\/product\/route-of-the-sea\/#primaryimage\"},\"thumbnailUrl\":\"https:\/\/californianorte.com\/wp-content\/uploads\/2021\/07\/Route-Of-The-Sea-in-ensenada.jpg\",\"datePublished\":\"2021-07-13T21:44:30+00:00\",\"dateModified\":\"2026-01-13T18:48:13+00:00\",\"description\":\"Ensenada sea excursions provides romantic charter boat tours in a beautiful yacht you surely will enjoy. Ensenada excursions.\",\"breadcrumb\":{\"@id\":\"https:\/\/californianorte.com\/product\/route-of-the-sea\/#breadcrumb\"},\"inLanguage\":\"es\",\"potentialAction\":[{\"@type\":\"ReadAction\",\"target\":[\"https:\/\/californianorte.com\/product\/route-of-the-sea\/\"]}]},{\"@type\":\"ImageObject\",\"inLanguage\":\"es\",\"@id\":\"https:\/\/californianorte.com\/product\/route-of-the-sea\/#primaryimage\",\"url\":\"https:\/\/californianorte.com\/wp-content\/uploads\/2021\/07\/Route-Of-The-Sea-in-ensenada.jpg\",\"contentUrl\":\"https:\/\/californianorte.com\/wp-content\/uploads\/2021\/07\/Route-Of-The-Sea-in-ensenada.jpg\",\"width\":800,\"height\":800,\"caption\":\"Route Of The Sea in ensenada\"},{\"@type\":\"BreadcrumbList\",\"@id\":\"https:\/\/californianorte.com\/product\/route-of-the-sea\/#breadcrumb\",\"itemListElement\":[{\"@type\":\"ListItem\",\"position\":1,\"name\":\"Home\",\"item\":\"https:\/\/californianorte.com\/\"},{\"@type\":\"ListItem\",\"position\":2,\"name\":\"Shop\",\"item\":\"https:\/\/californianorte.com\/es\/shop\/\"},{\"@type\":\"ListItem\",\"position\":3,\"name\":\"Sea Route\"}]},{\"@type\":\"WebSite\",\"@id\":\"https:\/\/californianorte.com\/#website\",\"url\":\"https:\/\/californianorte.com\/\",\"name\":\"Tours California Norte\",\"description\":\"Sportfishing Ensenada Tours\",\"potentialAction\":[{\"@type\":\"SearchAction\",\"target\":{\"@type\":\"EntryPoint\",\"urlTemplate\":\"https:\/\/californianorte.com\/?s={search_term_string}\"},\"query-input\":{\"@type\":\"PropertyValueSpecification\",\"valueRequired\":true,\"valueName\":\"search_term_string\"}}],\"inLanguage\":\"es\"}]}<\/script>\n<!-- \/ Yoast SEO plugin. -->","yoast_head_json":{"title":"Sea Route - Tours California Norte","description":"Ensenada sea excursions provides romantic charter boat tours in a beautiful yacht you surely will enjoy. Ensenada excursions.","robots":{"index":"index","follow":"follow","max-snippet":"max-snippet:-1","max-image-preview":"max-image-preview:large","max-video-preview":"max-video-preview:-1"},"canonical":"https:\/\/californianorte.com\/es\/producto\/route-of-the-sea\/","og_locale":"es_MX","og_type":"article","og_title":"Sea Route - Tours California Norte","og_description":"Ensenada sea excursions provides romantic charter boat tours in a beautiful yacht you surely will enjoy. Ensenada excursions.","og_url":"https:\/\/californianorte.com\/es\/producto\/route-of-the-sea\/","og_site_name":"Tours California Norte","article_modified_time":"2026-01-13T18:48:13+00:00","og_image":[{"width":800,"height":800,"url":"https:\/\/californianorte.com\/wp-content\/uploads\/2021\/07\/Route-Of-The-Sea-in-ensenada.jpg","type":"image\/jpeg"}],"twitter_card":"summary_large_image","twitter_misc":{"Tiempo de lectura":"1 minuto"},"schema":{"@context":"https:\/\/schema.org","@graph":[{"@type":"WebPage","@id":"https:\/\/californianorte.com\/product\/route-of-the-sea\/","url":"https:\/\/californianorte.com\/product\/route-of-the-sea\/","name":"Sea Route - Tours California Norte","isPartOf":{"@id":"https:\/\/californianorte.com\/#website"},"primaryImageOfPage":{"@id":"https:\/\/californianorte.com\/product\/route-of-the-sea\/#primaryimage"},"image":{"@id":"https:\/\/californianorte.com\/product\/route-of-the-sea\/#primaryimage"},"thumbnailUrl":"https:\/\/californianorte.com\/wp-content\/uploads\/2021\/07\/Route-Of-The-Sea-in-ensenada.jpg","datePublished":"2021-07-13T21:44:30+00:00","dateModified":"2026-01-13T18:48:13+00:00","description":"Ensenada sea excursions provides romantic charter boat tours in a beautiful yacht you surely will enjoy. Ensenada excursions.","breadcrumb":{"@id":"https:\/\/californianorte.com\/product\/route-of-the-sea\/#breadcrumb"},"inLanguage":"es","potentialAction":[{"@type":"ReadAction","target":["https:\/\/californianorte.com\/product\/route-of-the-sea\/"]}]},{"@type":"ImageObject","inLanguage":"es","@id":"https:\/\/californianorte.com\/product\/route-of-the-sea\/#primaryimage","url":"https:\/\/californianorte.com\/wp-content\/uploads\/2021\/07\/Route-Of-The-Sea-in-ensenada.jpg","contentUrl":"https:\/\/californianorte.com\/wp-content\/uploads\/2021\/07\/Route-Of-The-Sea-in-ensenada.jpg","width":800,"height":800,"caption":"Route Of The Sea in ensenada"},{"@type":"BreadcrumbList","@id":"https:\/\/californianorte.com\/product\/route-of-the-sea\/#breadcrumb","itemListElement":[{"@type":"ListItem","position":1,"name":"Home","item":"https:\/\/californianorte.com\/"},{"@type":"ListItem","position":2,"name":"Shop","item":"https:\/\/californianorte.com\/es\/shop\/"},{"@type":"ListItem","position":3,"name":"Sea Route"}]},{"@type":"WebSite","@id":"https:\/\/californianorte.com\/#website","url":"https:\/\/californianorte.com\/","name":"Tours California Norte","description":"Sportfishing Ensenada Tours","potentialAction":[{"@type":"SearchAction","target":{"@type":"EntryPoint","urlTemplate":"https:\/\/californianorte.com\/?s={search_term_string}"},"query-input":{"@type":"PropertyValueSpecification","valueRequired":true,"valueName":"search_term_string"}}],"inLanguage":"es"}]}},"_links":{"self":[{"href":"https:\/\/californianorte.com\/es\/wp-json\/wp\/v2\/product\/818","targetHints":{"allow":["GET"]}}],"collection":[{"href":"https:\/\/californianorte.com\/es\/wp-json\/wp\/v2\/product"}],"about":[{"href":"https:\/\/californianorte.com\/es\/wp-json\/wp\/v2\/types\/product"}],"replies":[{"embeddable":true,"href":"https:\/\/californianorte.com\/es\/wp-json\/wp\/v2\/comments?post=818"}],"wp:featuredmedia":[{"embeddable":true,"href":"https:\/\/californianorte.com\/es\/wp-json\/wp\/v2\/media\/862"}],"wp:attachment":[{"href":"https:\/\/californianorte.com\/es\/wp-json\/wp\/v2\/media?parent=818"}],"wp:term":[{"taxonomy":"product_brand","embeddable":true,"href":"https:\/\/californianorte.com\/es\/wp-json\/wp\/v2\/product_brand?post=818"},{"taxonomy":"product_cat","embeddable":true,"href":"https:\/\/californianorte.com\/es\/wp-json\/wp\/v2\/product_cat?post=818"},{"taxonomy":"product_tag","embeddable":true,"href":"https:\/\/californianorte.com\/es\/wp-json\/wp\/v2\/product_tag?post=818"}],"curies":[{"name":"wp","href":"https:\/\/api.w.org\/{rel}","templated":true}]}}