{"id":816,"date":"2021-07-13T21:41:26","date_gmt":"2021-07-13T21:41:26","guid":{"rendered":"http:\/\/californianorte.com\/?post_type=product&#038;p=816"},"modified":"2026-01-13T10:48:48","modified_gmt":"2026-01-13T18:48:48","slug":"sportfishing","status":"publish","type":"product","link":"https:\/\/californianorte.com\/es\/producto\/sportfishing\/","title":{"rendered":"Pesca Deportiva"},"content":{"rendered":"<p>Pon a prueba tus habilidades y sal de la rutina en nuestra salida de pesca por la bah\u00eda de Ensenada e Isla de Todos Santos, donde tendr\u00e1s la oportunidad de pescar jurel, at\u00fan de aleta azul, corvina blanca, bacalao de roca o bacalao largo. Descubra las riquezas de la Bah\u00eda de Ensenada mientras pasa un d\u00eda entero pescando un pescado delicioso y resistente. Estas aguas productivas est\u00e1n llenas de cola amarilla, bonito, pez roca, pargos y muchas criaturas m\u00e1s preciadas.<\/p>\n<p>Busque en aguas abiertas o pesque en aguas poco profundas en este viaje de pesca de 8 horas en Ensenada y experimente la emoci\u00f3n de la pesca deportiva en un entorno deslumbrante mientras llena el bote con algo delicioso para llevar a la orilla. Adem\u00e1s, puedes decidir si quieres realizar la captura de una especie espec\u00edfica o buscar varias especies en el \u00e1rea.<\/p>\n<ul>\n<li><i class=\"far fa-caret-square-right\" aria-hidden=\"true\"><\/i><span class=\"elementor-icon-list-text\">\u00a0 Viaje de 8 Horas<\/span><\/li>\n<\/ul>\n<div class=\"elementor-element elementor-element-19e027c elementor-widget elementor-widget-heading\" data-id=\"19e027c\" data-element_type=\"widget\" data-widget_type=\"heading.default\">\n<div class=\"elementor-widget-container\">\n<h4 class=\"elementor-heading-title elementor-size-default\">Incluye:<\/h4>\n<\/div>\n<\/div>\n<div class=\"elementor-element elementor-element-d34ed16 elementor-icon-list--layout-traditional elementor-list-item-link-full_width elementor-widget elementor-widget-icon-list\" data-id=\"d34ed16\" data-element_type=\"widget\" data-widget_type=\"icon-list.default\">\n<div class=\"elementor-widget-container\">\n<ul>\n<li><i class=\"far fa-caret-square-right\" aria-hidden=\"true\"><\/i><span class=\"elementor-icon-list-text\">\u00a0 Ca\u00f1a<\/span><\/li>\n<li><i class=\"far fa-caret-square-right\" aria-hidden=\"true\"><\/i><span class=\"elementor-icon-list-text\">\u00a0 Anzuelos<\/span><\/li>\n<li><i class=\"far fa-caret-square-right\" aria-hidden=\"true\"><\/i><span class=\"elementor-icon-list-text\">\u00a0 Carnada<\/span><\/li>\n<li><i class=\"far fa-caret-square-right\" aria-hidden=\"true\"><\/i><span class=\"elementor-icon-list-text\">\u00a0 Agua<\/span><\/li>\n<li><i class=\"far fa-caret-square-right\" aria-hidden=\"true\"><\/i><span class=\"elementor-icon-list-text\">\u00a0 Hielera para uso general<\/span><\/li>\n<li><i class=\"far fa-caret-square-right\" aria-hidden=\"true\"><\/i><span class=\"elementor-icon-list-text\">\u00a0 Capit\u00e1n<\/span><\/li>\n<li><i class=\"far fa-caret-square-right\" aria-hidden=\"true\"><\/i><span class=\"elementor-icon-list-text\">\u00a0 Marinero<\/span><\/li>\n<\/ul>\n<\/div>\n<\/div>\n<div class=\"elementor-element elementor-element-63d6d75 elementor-widget elementor-widget-text-editor\" data-id=\"63d6d75\" data-element_type=\"widget\" data-widget_type=\"text-editor.default\">\n<div class=\"elementor-widget-container\">\n<p><strong>NO incluye licencia de pesca.<\/strong><\/p>\n<\/div>\n<div class=\"elementor-element elementor-element-8ce1589 elementor-widget elementor-widget-heading\" data-id=\"8ce1589\" data-element_type=\"widget\" data-widget_type=\"heading.default\">\n<div class=\"elementor-widget-container\">\n<h4 class=\"elementor-heading-title elementor-size-default\">No olvides:<\/h4>\n<\/div>\n<\/div>\n<div class=\"elementor-element elementor-element-88359f4 elementor-icon-list--layout-traditional elementor-list-item-link-full_width elementor-widget elementor-widget-icon-list\" data-id=\"88359f4\" data-element_type=\"widget\" data-widget_type=\"icon-list.default\">\n<div class=\"elementor-widget-container\">\n<ul>\n<li><i class=\"far fa-caret-square-right\" aria-hidden=\"true\"><\/i><span class=\"elementor-icon-list-text\">\u00a0 Ropa de alto rendimiento (rompe-vientos)<\/span><\/li>\n<li><i class=\"far fa-caret-square-right\" aria-hidden=\"true\"><\/i><span class=\"elementor-icon-list-text\">\u00a0 Gorra<\/span><\/li>\n<li><i class=\"far fa-caret-square-right\" aria-hidden=\"true\"><\/i><span class=\"elementor-icon-list-text\">\u00a0 Lentes<\/span><\/li>\n<li><i class=\"far fa-caret-square-right\" aria-hidden=\"true\"><\/i><span class=\"elementor-icon-list-text\">\u00a0 Bloqueador<\/span><\/li>\n<li><i class=\"far fa-caret-square-right\" aria-hidden=\"true\"><\/i><span class=\"elementor-icon-list-text\">\u00a0 Si es tu primer viaje, bebe drama m\u00edo una hora antes de zarpar.<\/span><\/li>\n<\/ul>\n<p>Las especies a capturar var\u00edan seg\u00fan la estaci\u00f3n del a\u00f1o. Los vol\u00famenes de pesca permitidos se controlan de acuerdo con las leyes pesqueras vigentes. Es su responsabilidad reemplazar o pagar cualquier equipo de pesca perdido.<\/p>\n<\/div>\n<\/div>\n<\/div>","protected":false},"excerpt":{"rendered":"<p><strong>Los precios est\u00e1n en d\u00f3lares estadounidenses.<\/strong><\/p>\n<p><strong>Zarpar a las: <\/strong>7:00am<\/p>\n<p><strong>Capacidad:<\/strong> Hasta 7 personas<\/p>\n<p><strong>Tipo de Viaje: <\/strong>Privado. Este viaje se organizar\u00e1 solo para su grupo.<\/p>","protected":false},"featured_media":858,"comment_status":"open","ping_status":"closed","template":"","meta":{"_acf_changed":false},"product_brand":[],"product_cat":[22,20],"product_tag":[],"class_list":{"0":"post-816","1":"product","2":"type-product","3":"status-publish","4":"has-post-thumbnail","6":"product_cat-private-trip","7":"product_cat-sportfishing","8":"wcpa_has_options","10":"first","11":"instock","12":"virtual","13":"purchasable","14":"product-type-simple"},"acf":[],"yoast_head":"<!-- This site is optimized with the Yoast SEO plugin v27.2 - https:\/\/yoast.com\/product\/yoast-seo-wordpress\/ -->\n<title>Sportfishing - Tours California Norte<\/title>\n<meta name=\"description\" content=\"Sportfishing in Ensenada Baja California. The best fishing south of the border. Enjoy a great day with friends and family!\" \/>\n<meta name=\"robots\" content=\"index, follow, max-snippet:-1, max-image-preview:large, max-video-preview:-1\" \/>\n<link rel=\"canonical\" href=\"https:\/\/californianorte.com\/es\/producto\/sportfishing\/\" \/>\n<meta property=\"og:locale\" content=\"es_MX\" \/>\n<meta property=\"og:type\" content=\"article\" \/>\n<meta property=\"og:title\" content=\"Sportfishing - Tours California Norte\" \/>\n<meta property=\"og:description\" content=\"Sportfishing in Ensenada Baja California. The best fishing south of the border. Enjoy a great day with friends and family!\" \/>\n<meta property=\"og:url\" content=\"https:\/\/californianorte.com\/es\/producto\/sportfishing\/\" \/>\n<meta property=\"og:site_name\" content=\"Tours California Norte\" \/>\n<meta property=\"article:modified_time\" content=\"2026-01-13T18:48:48+00:00\" \/>\n<meta property=\"og:image\" content=\"https:\/\/californianorte.com\/wp-content\/uploads\/2021\/07\/Sportfishing-ensenada.jpg\" \/>\n\t<meta property=\"og:image:width\" content=\"800\" \/>\n\t<meta property=\"og:image:height\" content=\"800\" \/>\n\t<meta property=\"og:image:type\" content=\"image\/jpeg\" \/>\n<meta name=\"twitter:card\" content=\"summary_large_image\" \/>\n<meta name=\"twitter:label1\" content=\"Tiempo de lectura\" \/>\n\t<meta name=\"twitter:data1\" content=\"1 minuto\" \/>\n<script type=\"application\/ld+json\" class=\"yoast-schema-graph\">{\"@context\":\"https:\/\/schema.org\",\"@graph\":[{\"@type\":\"WebPage\",\"@id\":\"https:\/\/californianorte.com\/product\/sportfishing\/\",\"url\":\"https:\/\/californianorte.com\/product\/sportfishing\/\",\"name\":\"Sportfishing - Tours California Norte\",\"isPartOf\":{\"@id\":\"https:\/\/californianorte.com\/#website\"},\"primaryImageOfPage\":{\"@id\":\"https:\/\/californianorte.com\/product\/sportfishing\/#primaryimage\"},\"image\":{\"@id\":\"https:\/\/californianorte.com\/product\/sportfishing\/#primaryimage\"},\"thumbnailUrl\":\"https:\/\/californianorte.com\/wp-content\/uploads\/2021\/07\/Sportfishing-ensenada.jpg\",\"datePublished\":\"2021-07-13T21:41:26+00:00\",\"dateModified\":\"2026-01-13T18:48:48+00:00\",\"description\":\"Sportfishing in Ensenada Baja California. The best fishing south of the border. Enjoy a great day with friends and family!\",\"breadcrumb\":{\"@id\":\"https:\/\/californianorte.com\/product\/sportfishing\/#breadcrumb\"},\"inLanguage\":\"es\",\"potentialAction\":[{\"@type\":\"ReadAction\",\"target\":[\"https:\/\/californianorte.com\/product\/sportfishing\/\"]}]},{\"@type\":\"ImageObject\",\"inLanguage\":\"es\",\"@id\":\"https:\/\/californianorte.com\/product\/sportfishing\/#primaryimage\",\"url\":\"https:\/\/californianorte.com\/wp-content\/uploads\/2021\/07\/Sportfishing-ensenada.jpg\",\"contentUrl\":\"https:\/\/californianorte.com\/wp-content\/uploads\/2021\/07\/Sportfishing-ensenada.jpg\",\"width\":800,\"height\":800,\"caption\":\"Sportfishing ensenada\"},{\"@type\":\"BreadcrumbList\",\"@id\":\"https:\/\/californianorte.com\/product\/sportfishing\/#breadcrumb\",\"itemListElement\":[{\"@type\":\"ListItem\",\"position\":1,\"name\":\"Home\",\"item\":\"https:\/\/californianorte.com\/\"},{\"@type\":\"ListItem\",\"position\":2,\"name\":\"Shop\",\"item\":\"https:\/\/californianorte.com\/es\/shop\/\"},{\"@type\":\"ListItem\",\"position\":3,\"name\":\"Sportfishing\"}]},{\"@type\":\"WebSite\",\"@id\":\"https:\/\/californianorte.com\/#website\",\"url\":\"https:\/\/californianorte.com\/\",\"name\":\"Tours California Norte\",\"description\":\"Sportfishing Ensenada Tours\",\"potentialAction\":[{\"@type\":\"SearchAction\",\"target\":{\"@type\":\"EntryPoint\",\"urlTemplate\":\"https:\/\/californianorte.com\/?s={search_term_string}\"},\"query-input\":{\"@type\":\"PropertyValueSpecification\",\"valueRequired\":true,\"valueName\":\"search_term_string\"}}],\"inLanguage\":\"es\"}]}<\/script>\n<!-- \/ Yoast SEO plugin. -->","yoast_head_json":{"title":"Sportfishing - Tours California Norte","description":"Sportfishing in Ensenada Baja California. The best fishing south of the border. Enjoy a great day with friends and family!","robots":{"index":"index","follow":"follow","max-snippet":"max-snippet:-1","max-image-preview":"max-image-preview:large","max-video-preview":"max-video-preview:-1"},"canonical":"https:\/\/californianorte.com\/es\/producto\/sportfishing\/","og_locale":"es_MX","og_type":"article","og_title":"Sportfishing - Tours California Norte","og_description":"Sportfishing in Ensenada Baja California. The best fishing south of the border. Enjoy a great day with friends and family!","og_url":"https:\/\/californianorte.com\/es\/producto\/sportfishing\/","og_site_name":"Tours California Norte","article_modified_time":"2026-01-13T18:48:48+00:00","og_image":[{"width":800,"height":800,"url":"https:\/\/californianorte.com\/wp-content\/uploads\/2021\/07\/Sportfishing-ensenada.jpg","type":"image\/jpeg"}],"twitter_card":"summary_large_image","twitter_misc":{"Tiempo de lectura":"1 minuto"},"schema":{"@context":"https:\/\/schema.org","@graph":[{"@type":"WebPage","@id":"https:\/\/californianorte.com\/product\/sportfishing\/","url":"https:\/\/californianorte.com\/product\/sportfishing\/","name":"Sportfishing - Tours California Norte","isPartOf":{"@id":"https:\/\/californianorte.com\/#website"},"primaryImageOfPage":{"@id":"https:\/\/californianorte.com\/product\/sportfishing\/#primaryimage"},"image":{"@id":"https:\/\/californianorte.com\/product\/sportfishing\/#primaryimage"},"thumbnailUrl":"https:\/\/californianorte.com\/wp-content\/uploads\/2021\/07\/Sportfishing-ensenada.jpg","datePublished":"2021-07-13T21:41:26+00:00","dateModified":"2026-01-13T18:48:48+00:00","description":"Sportfishing in Ensenada Baja California. The best fishing south of the border. Enjoy a great day with friends and family!","breadcrumb":{"@id":"https:\/\/californianorte.com\/product\/sportfishing\/#breadcrumb"},"inLanguage":"es","potentialAction":[{"@type":"ReadAction","target":["https:\/\/californianorte.com\/product\/sportfishing\/"]}]},{"@type":"ImageObject","inLanguage":"es","@id":"https:\/\/californianorte.com\/product\/sportfishing\/#primaryimage","url":"https:\/\/californianorte.com\/wp-content\/uploads\/2021\/07\/Sportfishing-ensenada.jpg","contentUrl":"https:\/\/californianorte.com\/wp-content\/uploads\/2021\/07\/Sportfishing-ensenada.jpg","width":800,"height":800,"caption":"Sportfishing ensenada"},{"@type":"BreadcrumbList","@id":"https:\/\/californianorte.com\/product\/sportfishing\/#breadcrumb","itemListElement":[{"@type":"ListItem","position":1,"name":"Home","item":"https:\/\/californianorte.com\/"},{"@type":"ListItem","position":2,"name":"Shop","item":"https:\/\/californianorte.com\/es\/shop\/"},{"@type":"ListItem","position":3,"name":"Sportfishing"}]},{"@type":"WebSite","@id":"https:\/\/californianorte.com\/#website","url":"https:\/\/californianorte.com\/","name":"Tours California Norte","description":"Sportfishing Ensenada Tours","potentialAction":[{"@type":"SearchAction","target":{"@type":"EntryPoint","urlTemplate":"https:\/\/californianorte.com\/?s={search_term_string}"},"query-input":{"@type":"PropertyValueSpecification","valueRequired":true,"valueName":"search_term_string"}}],"inLanguage":"es"}]}},"_links":{"self":[{"href":"https:\/\/californianorte.com\/es\/wp-json\/wp\/v2\/product\/816","targetHints":{"allow":["GET"]}}],"collection":[{"href":"https:\/\/californianorte.com\/es\/wp-json\/wp\/v2\/product"}],"about":[{"href":"https:\/\/californianorte.com\/es\/wp-json\/wp\/v2\/types\/product"}],"replies":[{"embeddable":true,"href":"https:\/\/californianorte.com\/es\/wp-json\/wp\/v2\/comments?post=816"}],"wp:featuredmedia":[{"embeddable":true,"href":"https:\/\/californianorte.com\/es\/wp-json\/wp\/v2\/media\/858"}],"wp:attachment":[{"href":"https:\/\/californianorte.com\/es\/wp-json\/wp\/v2\/media?parent=816"}],"wp:term":[{"taxonomy":"product_brand","embeddable":true,"href":"https:\/\/californianorte.com\/es\/wp-json\/wp\/v2\/product_brand?post=816"},{"taxonomy":"product_cat","embeddable":true,"href":"https:\/\/californianorte.com\/es\/wp-json\/wp\/v2\/product_cat?post=816"},{"taxonomy":"product_tag","embeddable":true,"href":"https:\/\/californianorte.com\/es\/wp-json\/wp\/v2\/product_tag?post=816"}],"curies":[{"name":"wp","href":"https:\/\/api.w.org\/{rel}","templated":true}]}}