{"id":815,"date":"2021-07-13T21:39:33","date_gmt":"2021-07-13T21:39:33","guid":{"rendered":"http:\/\/californianorte.com\/?post_type=product&#038;p=815"},"modified":"2026-01-13T10:48:57","modified_gmt":"2026-01-13T18:48:57","slug":"introduction-to-fishing","status":"publish","type":"product","link":"https:\/\/californianorte.com\/es\/producto\/introduction-to-fishing\/","title":{"rendered":"Introducci\u00f3n a la Pesca"},"content":{"rendered":"<div class=\"elementor-element elementor-element-f0dfea6 elementor-widget elementor-widget-heading\" data-id=\"f0dfea6\" data-element_type=\"widget\" data-widget_type=\"heading.default\">\n<div class=\"elementor-widget-container\">\n<p>Este viaje de Introducci\u00f3n a la Pesca est\u00e1 dise\u00f1ado para introducirte en el mundo de la pesca, o para personas que no disponen de mucho tiempo o vienen en familia. Vive la experiencia de un viaje de Pesca Deportiva en Ensenada sin tener que preocuparte por el equipo y s\u00e9 un experto. En este viaje, nuestro capit\u00e1n te ense\u00f1ar\u00e1 los secretos de la pesca deportiva y te llevar\u00e1 a lugares poco profundos entre \u201cEl Sauzal\u201d y \u201cSan Miguel\u201d donde tendr\u00e1s la oportunidad de capturar diferentes especies de peces.<\/p>\n<p>Estos incluyen la corvina blanca, el jurel, el bacalao largo, el bacalao de roca, entre otros. Ideal para compartir con tu pareja, amigos o hijos, sin duda una experiencia que no olvidar\u00e1n. Tu viaje de Pesca Deportiva Ensenada comenzar\u00e1 y terminar\u00e1 en el puerto frente al tradicional mercado de mariscos \u201cMercado Negro\u201d en una de nuestras embarcaciones equipadas con camarote y ba\u00f1o para tu comodidad.<\/p>\n<p>Viaje de temporada (Lun, Mar, Mie, Jue, Vie, Dom)<\/p>\n<ul>\n<li><i class=\"far fa-caret-square-right\" aria-hidden=\"true\"><\/i><span class=\"elementor-icon-list-text\">\u00a0 Viaje de 4 horas<\/span><\/li>\n<\/ul>\n<\/div>\n<\/div>\n<div class=\"elementor-element elementor-element-4118faf elementor-widget elementor-widget-text-editor\" data-id=\"4118faf\" data-element_type=\"widget\" data-widget_type=\"text-editor.default\">\n<div class=\"elementor-element elementor-element-8706d40 elementor-widget elementor-widget-heading\" data-id=\"8706d40\" data-element_type=\"widget\" data-widget_type=\"heading.default\">\n<div class=\"elementor-widget-container\">\n<h4 class=\"elementor-heading-title elementor-size-default\">No olvides:<\/h4>\n<\/div>\n<\/div>\n<div class=\"elementor-element elementor-element-cacde22 elementor-icon-list--layout-traditional elementor-list-item-link-full_width elementor-widget elementor-widget-icon-list\" data-id=\"cacde22\" data-element_type=\"widget\" data-widget_type=\"icon-list.default\">\n<div class=\"elementor-widget-container\">\n<ul>\n<li><i class=\"far fa-caret-square-right\" aria-hidden=\"true\"><\/i><span class=\"elementor-icon-list-text\">\u00a0 Ropa de alto rendimiento (rompe-vientos)<\/span><\/li>\n<li><i class=\"far fa-caret-square-right\" aria-hidden=\"true\"><\/i><span class=\"elementor-icon-list-text\">\u00a0 Gorra<\/span><\/li>\n<li><i class=\"far fa-caret-square-right\" aria-hidden=\"true\"><\/i><span class=\"elementor-icon-list-text\">\u00a0 Lentes<\/span><\/li>\n<li><i class=\"far fa-caret-square-right\" aria-hidden=\"true\"><\/i><span class=\"elementor-icon-list-text\">\u00a0 Bloqueador<\/span><\/li>\n<li><i class=\"far fa-caret-square-right\" aria-hidden=\"true\"><\/i><span class=\"elementor-icon-list-text\">\u00a0 Si es tu primer viaje, bebe Dramamine una hora antes de zarpar.<\/span><\/li>\n<\/ul>\n<p>Las especies a capturar var\u00edan seg\u00fan la estaci\u00f3n del a\u00f1o. Los vol\u00famenes de pesca permitidos en Ensenada se controlan de acuerdo con las leyes de pesca vigentes. Es su responsabilidad reemplazar o pagar cualquier equipo de pesca perdido.<\/p>\n<\/div>\n<\/div>\n<\/div>","protected":false},"excerpt":{"rendered":"<p><strong>Los precios est\u00e1n en d\u00f3lares estadounidenses.<\/strong><\/p>\n<p><strong>Zarpar a las: <\/strong>7:00am<\/p>\n<p><strong>Capacidad: <\/strong>Hasta 6 Personas<br \/>\n* $54 por persona adicional, m\u00e1ximo 12 personas<\/p>\n<p><strong>Tipo de Viaje: <\/strong>Privado. Este viaje se organizar\u00e1 solo para su grupo.<\/p>\n<p>&nbsp;<\/p>","protected":false},"featured_media":857,"comment_status":"open","ping_status":"closed","template":"","meta":{"_acf_changed":false},"product_brand":[],"product_cat":[22,20],"product_tag":[],"class_list":{"0":"post-815","1":"product","2":"type-product","3":"status-publish","4":"has-post-thumbnail","6":"product_cat-private-trip","7":"product_cat-sportfishing","8":"wcpa_has_options","10":"first","11":"instock","12":"shipping-taxable","13":"purchasable","14":"product-type-variable"},"acf":[],"yoast_head":"<!-- This site is optimized with the Yoast SEO plugin v27.2 - https:\/\/yoast.com\/product\/yoast-seo-wordpress\/ -->\n<title>Introduction To Fishing - Tours California Norte<\/title>\n<meta name=\"description\" content=\"Introduction To Fishing will teach you the basics of how to fish like a pro. Come catch your first first in this fun trip.\" \/>\n<meta name=\"robots\" content=\"index, follow, max-snippet:-1, max-image-preview:large, max-video-preview:-1\" \/>\n<link rel=\"canonical\" href=\"https:\/\/californianorte.com\/es\/producto\/introduction-to-fishing\/\" \/>\n<meta property=\"og:locale\" content=\"es_MX\" \/>\n<meta property=\"og:type\" content=\"article\" \/>\n<meta property=\"og:title\" content=\"Introduction To Fishing - Tours California Norte\" \/>\n<meta property=\"og:description\" content=\"Introduction To Fishing will teach you the basics of how to fish like a pro. Come catch your first first in this fun trip.\" \/>\n<meta property=\"og:url\" content=\"https:\/\/californianorte.com\/es\/producto\/introduction-to-fishing\/\" \/>\n<meta property=\"og:site_name\" content=\"Tours California Norte\" \/>\n<meta property=\"article:modified_time\" content=\"2026-01-13T18:48:57+00:00\" \/>\n<meta property=\"og:image\" content=\"https:\/\/californianorte.com\/wp-content\/uploads\/2021\/07\/Introduction-To-Fishing.jpg\" \/>\n\t<meta property=\"og:image:width\" content=\"800\" \/>\n\t<meta property=\"og:image:height\" content=\"800\" \/>\n\t<meta property=\"og:image:type\" content=\"image\/jpeg\" \/>\n<meta name=\"twitter:card\" content=\"summary_large_image\" \/>\n<meta name=\"twitter:label1\" content=\"Tiempo de lectura\" \/>\n\t<meta name=\"twitter:data1\" content=\"1 minuto\" \/>\n<script type=\"application\/ld+json\" class=\"yoast-schema-graph\">{\"@context\":\"https:\/\/schema.org\",\"@graph\":[{\"@type\":\"WebPage\",\"@id\":\"https:\/\/californianorte.com\/product\/introduction-to-fishing\/\",\"url\":\"https:\/\/californianorte.com\/product\/introduction-to-fishing\/\",\"name\":\"Introduction To Fishing - Tours California Norte\",\"isPartOf\":{\"@id\":\"https:\/\/californianorte.com\/#website\"},\"primaryImageOfPage\":{\"@id\":\"https:\/\/californianorte.com\/product\/introduction-to-fishing\/#primaryimage\"},\"image\":{\"@id\":\"https:\/\/californianorte.com\/product\/introduction-to-fishing\/#primaryimage\"},\"thumbnailUrl\":\"https:\/\/californianorte.com\/wp-content\/uploads\/2021\/07\/Introduction-To-Fishing.jpg\",\"datePublished\":\"2021-07-13T21:39:33+00:00\",\"dateModified\":\"2026-01-13T18:48:57+00:00\",\"description\":\"Introduction To Fishing will teach you the basics of how to fish like a pro. Come catch your first first in this fun trip.\",\"breadcrumb\":{\"@id\":\"https:\/\/californianorte.com\/product\/introduction-to-fishing\/#breadcrumb\"},\"inLanguage\":\"es\",\"potentialAction\":[{\"@type\":\"ReadAction\",\"target\":[\"https:\/\/californianorte.com\/product\/introduction-to-fishing\/\"]}]},{\"@type\":\"ImageObject\",\"inLanguage\":\"es\",\"@id\":\"https:\/\/californianorte.com\/product\/introduction-to-fishing\/#primaryimage\",\"url\":\"https:\/\/californianorte.com\/wp-content\/uploads\/2021\/07\/Introduction-To-Fishing.jpg\",\"contentUrl\":\"https:\/\/californianorte.com\/wp-content\/uploads\/2021\/07\/Introduction-To-Fishing.jpg\",\"width\":800,\"height\":800,\"caption\":\"Introduction To Fishing in ensenada\"},{\"@type\":\"BreadcrumbList\",\"@id\":\"https:\/\/californianorte.com\/product\/introduction-to-fishing\/#breadcrumb\",\"itemListElement\":[{\"@type\":\"ListItem\",\"position\":1,\"name\":\"Home\",\"item\":\"https:\/\/californianorte.com\/\"},{\"@type\":\"ListItem\",\"position\":2,\"name\":\"Shop\",\"item\":\"https:\/\/californianorte.com\/es\/shop\/\"},{\"@type\":\"ListItem\",\"position\":3,\"name\":\"Introduction To Fishing\"}]},{\"@type\":\"WebSite\",\"@id\":\"https:\/\/californianorte.com\/#website\",\"url\":\"https:\/\/californianorte.com\/\",\"name\":\"Tours California Norte\",\"description\":\"Sportfishing Ensenada Tours\",\"potentialAction\":[{\"@type\":\"SearchAction\",\"target\":{\"@type\":\"EntryPoint\",\"urlTemplate\":\"https:\/\/californianorte.com\/?s={search_term_string}\"},\"query-input\":{\"@type\":\"PropertyValueSpecification\",\"valueRequired\":true,\"valueName\":\"search_term_string\"}}],\"inLanguage\":\"es\"}]}<\/script>\n<!-- \/ Yoast SEO plugin. -->","yoast_head_json":{"title":"Introduction To Fishing - Tours California Norte","description":"Introduction To Fishing will teach you the basics of how to fish like a pro. Come catch your first first in this fun trip.","robots":{"index":"index","follow":"follow","max-snippet":"max-snippet:-1","max-image-preview":"max-image-preview:large","max-video-preview":"max-video-preview:-1"},"canonical":"https:\/\/californianorte.com\/es\/producto\/introduction-to-fishing\/","og_locale":"es_MX","og_type":"article","og_title":"Introduction To Fishing - Tours California Norte","og_description":"Introduction To Fishing will teach you the basics of how to fish like a pro. Come catch your first first in this fun trip.","og_url":"https:\/\/californianorte.com\/es\/producto\/introduction-to-fishing\/","og_site_name":"Tours California Norte","article_modified_time":"2026-01-13T18:48:57+00:00","og_image":[{"width":800,"height":800,"url":"https:\/\/californianorte.com\/wp-content\/uploads\/2021\/07\/Introduction-To-Fishing.jpg","type":"image\/jpeg"}],"twitter_card":"summary_large_image","twitter_misc":{"Tiempo de lectura":"1 minuto"},"schema":{"@context":"https:\/\/schema.org","@graph":[{"@type":"WebPage","@id":"https:\/\/californianorte.com\/product\/introduction-to-fishing\/","url":"https:\/\/californianorte.com\/product\/introduction-to-fishing\/","name":"Introduction To Fishing - Tours California Norte","isPartOf":{"@id":"https:\/\/californianorte.com\/#website"},"primaryImageOfPage":{"@id":"https:\/\/californianorte.com\/product\/introduction-to-fishing\/#primaryimage"},"image":{"@id":"https:\/\/californianorte.com\/product\/introduction-to-fishing\/#primaryimage"},"thumbnailUrl":"https:\/\/californianorte.com\/wp-content\/uploads\/2021\/07\/Introduction-To-Fishing.jpg","datePublished":"2021-07-13T21:39:33+00:00","dateModified":"2026-01-13T18:48:57+00:00","description":"Introduction To Fishing will teach you the basics of how to fish like a pro. Come catch your first first in this fun trip.","breadcrumb":{"@id":"https:\/\/californianorte.com\/product\/introduction-to-fishing\/#breadcrumb"},"inLanguage":"es","potentialAction":[{"@type":"ReadAction","target":["https:\/\/californianorte.com\/product\/introduction-to-fishing\/"]}]},{"@type":"ImageObject","inLanguage":"es","@id":"https:\/\/californianorte.com\/product\/introduction-to-fishing\/#primaryimage","url":"https:\/\/californianorte.com\/wp-content\/uploads\/2021\/07\/Introduction-To-Fishing.jpg","contentUrl":"https:\/\/californianorte.com\/wp-content\/uploads\/2021\/07\/Introduction-To-Fishing.jpg","width":800,"height":800,"caption":"Introduction To Fishing in ensenada"},{"@type":"BreadcrumbList","@id":"https:\/\/californianorte.com\/product\/introduction-to-fishing\/#breadcrumb","itemListElement":[{"@type":"ListItem","position":1,"name":"Home","item":"https:\/\/californianorte.com\/"},{"@type":"ListItem","position":2,"name":"Shop","item":"https:\/\/californianorte.com\/es\/shop\/"},{"@type":"ListItem","position":3,"name":"Introduction To Fishing"}]},{"@type":"WebSite","@id":"https:\/\/californianorte.com\/#website","url":"https:\/\/californianorte.com\/","name":"Tours California Norte","description":"Sportfishing Ensenada Tours","potentialAction":[{"@type":"SearchAction","target":{"@type":"EntryPoint","urlTemplate":"https:\/\/californianorte.com\/?s={search_term_string}"},"query-input":{"@type":"PropertyValueSpecification","valueRequired":true,"valueName":"search_term_string"}}],"inLanguage":"es"}]}},"_links":{"self":[{"href":"https:\/\/californianorte.com\/es\/wp-json\/wp\/v2\/product\/815","targetHints":{"allow":["GET"]}}],"collection":[{"href":"https:\/\/californianorte.com\/es\/wp-json\/wp\/v2\/product"}],"about":[{"href":"https:\/\/californianorte.com\/es\/wp-json\/wp\/v2\/types\/product"}],"replies":[{"embeddable":true,"href":"https:\/\/californianorte.com\/es\/wp-json\/wp\/v2\/comments?post=815"}],"wp:featuredmedia":[{"embeddable":true,"href":"https:\/\/californianorte.com\/es\/wp-json\/wp\/v2\/media\/857"}],"wp:attachment":[{"href":"https:\/\/californianorte.com\/es\/wp-json\/wp\/v2\/media?parent=815"}],"wp:term":[{"taxonomy":"product_brand","embeddable":true,"href":"https:\/\/californianorte.com\/es\/wp-json\/wp\/v2\/product_brand?post=815"},{"taxonomy":"product_cat","embeddable":true,"href":"https:\/\/californianorte.com\/es\/wp-json\/wp\/v2\/product_cat?post=815"},{"taxonomy":"product_tag","embeddable":true,"href":"https:\/\/californianorte.com\/es\/wp-json\/wp\/v2\/product_tag?post=815"}],"curies":[{"name":"wp","href":"https:\/\/api.w.org\/{rel}","templated":true}]}}