{"id":2120,"date":"2023-01-06T14:45:36","date_gmt":"2023-01-06T22:45:36","guid":{"rendered":"https:\/\/californianorte.com\/?post_type=product&#038;p=2120"},"modified":"2026-01-13T10:44:16","modified_gmt":"2026-01-13T18:44:16","slug":"snorkel","status":"publish","type":"product","link":"https:\/\/californianorte.com\/es\/producto\/snorkel\/","title":{"rendered":"Tubo Respirador"},"content":{"rendered":"<p>Practique snorkel en las aguas de Ensenada para ver una variedad de criaturas marinas como peces, focas, ballenas y tal vez tambi\u00e9n delfines. El tour incluye un gu\u00eda y todo el equipo necesario. \u00a1No se requiere certificado de buceo!<\/p>\n<div class=\"elementor-element elementor-element-f0dfea6 elementor-widget elementor-widget-heading\" data-id=\"f0dfea6\" data-element_type=\"widget\" data-widget_type=\"heading.default\">\n<div class=\"elementor-widget-container\">\n<ul>\n<li><i class=\"far fa-caret-square-right\" aria-hidden=\"true\"><\/i><span class=\"elementor-icon-list-text\"> Viaje de 6 horas<\/span><\/li>\n<\/ul>\n<h4 class=\"elementor-heading-title elementor-size-default\">Incluye:<\/h4>\n<\/div>\n<\/div>\n<div class=\"elementor-element elementor-element-0afa924 elementor-icon-list--layout-traditional elementor-list-item-link-full_width elementor-widget elementor-widget-icon-list\" data-id=\"0afa924\" data-element_type=\"widget\" data-widget_type=\"icon-list.default\">\n<div class=\"elementor-widget-container\">\n<ul>\n<li><i class=\"far fa-caret-square-right\" aria-hidden=\"true\"><\/i><span class=\"elementor-icon-list-text\"> Equipo<\/span><\/li>\n<li><i class=\"far fa-caret-square-right\" aria-hidden=\"true\"><\/i><span class=\"elementor-icon-list-text\"> Agua Embotellada<\/span><\/li>\n<\/ul>\n<\/div>\n<\/div>\n<div class=\"elementor-element elementor-element-4118faf elementor-widget elementor-widget-text-editor\" data-id=\"4118faf\" data-element_type=\"widget\" data-widget_type=\"text-editor.default\">\n<div class=\"elementor-element elementor-element-8706d40 elementor-widget elementor-widget-heading\" data-id=\"8706d40\" data-element_type=\"widget\" data-widget_type=\"heading.default\">\n<div class=\"elementor-widget-container\">\n<h4 class=\"elementor-heading-title elementor-size-default\">No olvides:<\/h4>\n<\/div>\n<\/div>\n<div class=\"elementor-element elementor-element-cacde22 elementor-icon-list--layout-traditional elementor-list-item-link-full_width elementor-widget elementor-widget-icon-list\" data-id=\"cacde22\" data-element_type=\"widget\" data-widget_type=\"icon-list.default\">\n<div class=\"elementor-widget-container\">\n<ul>\n<li><i class=\"far fa-caret-square-right\" aria-hidden=\"true\"><\/i><span class=\"elementor-icon-list-text\"> Traje de Ba\u00f1o o Nataci\u00f3n<\/span><\/li>\n<li><i class=\"far fa-caret-square-right\" aria-hidden=\"true\"><\/i><span class=\"elementor-icon-list-text\"> Sandalias o Zapatos para el Agua<\/span><\/li>\n<li><i class=\"far fa-caret-square-right\" aria-hidden=\"true\"><\/i><span class=\"elementor-icon-list-text\"> Toalla<\/span><\/li>\n<li><i class=\"far fa-caret-square-right\" aria-hidden=\"true\"><\/i><span class=\"elementor-icon-list-text\"> Bloqueador<\/span><\/li>\n<\/ul>\n<h4 class=\"elementor-heading-title elementor-size-default\">Requerimientos:<\/h4>\n<ul>\n<li><i class=\"far fa-caret-square-right\" aria-hidden=\"true\"><\/i><span class=\"elementor-icon-list-text\"> Es importante saber nadar y estar comodo en el agua.<\/span><\/li>\n<li><i class=\"far fa-caret-square-right\" aria-hidden=\"true\"><\/i><span class=\"elementor-icon-list-text\"> Es posible que las clientas que est\u00e9n embarazadas o tengan otros problemas cl\u00ednicos, incluido un procedimiento m\u00e9dico reciente, problemas card\u00edacos, antecedentes de accidente cerebrovascular o desmayo, no puedan participar.<\/span><\/li>\n<li><i class=\"far fa-caret-square-right\" aria-hidden=\"true\"><\/i><span class=\"elementor-icon-list-text\"> Todos los clientes deben completar una exenci\u00f3n antes de esta excursi\u00f3n.<\/span><\/li>\n<li><i class=\"far fa-caret-square-right\" aria-hidden=\"true\"><\/i><span class=\"elementor-icon-list-text\"> Minima edad de 12 a\u00f1os.<\/span><\/li>\n<li><i class=\"far fa-caret-square-right\" aria-hidden=\"true\"><\/i><span class=\"elementor-icon-list-text\"> Peso m\u00e1ximo de 280 libras<\/span><\/li>\n<\/ul>\n<\/div>\n<\/div>\n<\/div>","protected":false},"excerpt":{"rendered":"<p><strong>Los precios est\u00e1n en d\u00f3lares estadounidenses.<\/strong><\/p>\n<p><strong>Tiempo<\/strong>: 9:30 am \u2013 3:30 pm<\/p>\n<p><b>Capacidad: <\/b>Hasta 7 personas<\/p>\n<p><strong>Tipo de viaje<\/strong>: Privado. Este viaje se organizar\u00e1 solo para tu grupo.<\/p>","protected":false},"featured_media":2121,"comment_status":"open","ping_status":"closed","template":"","meta":{"_acf_changed":false},"product_brand":[],"product_cat":[22,34],"product_tag":[],"class_list":{"0":"post-2120","1":"product","2":"type-product","3":"status-publish","4":"has-post-thumbnail","6":"product_cat-private-trip","7":"product_cat-snorkel","8":"wcpa_has_options","10":"first","11":"instock","12":"shipping-taxable","13":"purchasable","14":"product-type-variable"},"acf":[],"yoast_head":"<!-- This site is optimized with the Yoast SEO plugin v27.5 - https:\/\/yoast.com\/product\/yoast-seo-wordpress\/ -->\n<title>Snorkel Ensenada Baja California - Tours California Norte<\/title>\n<meta name=\"description\" content=\"Scuba Diving in Ensenada with the best team in Baja will provide you with a very pleasant diving experience.\" \/>\n<meta name=\"robots\" content=\"index, follow, max-snippet:-1, max-image-preview:large, max-video-preview:-1\" \/>\n<link rel=\"canonical\" href=\"https:\/\/californianorte.com\/es\/producto\/snorkel\/\" \/>\n<meta property=\"og:locale\" content=\"es_MX\" \/>\n<meta property=\"og:type\" content=\"article\" \/>\n<meta property=\"og:title\" content=\"Snorkel Ensenada Baja California - Tours California Norte\" \/>\n<meta property=\"og:description\" content=\"Scuba Diving in Ensenada with the best team in Baja will provide you with a very pleasant diving experience.\" \/>\n<meta property=\"og:url\" content=\"https:\/\/californianorte.com\/es\/producto\/snorkel\/\" \/>\n<meta property=\"og:site_name\" content=\"Tours California Norte\" \/>\n<meta property=\"article:modified_time\" content=\"2026-01-13T18:44:16+00:00\" \/>\n<meta property=\"og:image\" content=\"https:\/\/californianorte.com\/wp-content\/uploads\/2023\/01\/introductin-to-suba-diving-vip-ensenada.jpg\" \/>\n\t<meta property=\"og:image:width\" content=\"800\" \/>\n\t<meta property=\"og:image:height\" content=\"800\" \/>\n\t<meta property=\"og:image:type\" content=\"image\/jpeg\" \/>\n<meta name=\"twitter:card\" content=\"summary_large_image\" \/>\n<meta name=\"twitter:label1\" content=\"Tiempo de lectura\" \/>\n\t<meta name=\"twitter:data1\" content=\"1 minuto\" \/>\n<script type=\"application\/ld+json\" class=\"yoast-schema-graph\">{\"@context\":\"https:\\\/\\\/schema.org\",\"@graph\":[{\"@type\":\"WebPage\",\"@id\":\"https:\\\/\\\/californianorte.com\\\/product\\\/snorkel\\\/\",\"url\":\"https:\\\/\\\/californianorte.com\\\/product\\\/snorkel\\\/\",\"name\":\"Snorkel Ensenada Baja California - Tours California Norte\",\"isPartOf\":{\"@id\":\"https:\\\/\\\/californianorte.com\\\/#website\"},\"primaryImageOfPage\":{\"@id\":\"https:\\\/\\\/californianorte.com\\\/product\\\/snorkel\\\/#primaryimage\"},\"image\":{\"@id\":\"https:\\\/\\\/californianorte.com\\\/product\\\/snorkel\\\/#primaryimage\"},\"thumbnailUrl\":\"https:\\\/\\\/californianorte.com\\\/wp-content\\\/uploads\\\/2023\\\/01\\\/introductin-to-suba-diving-vip-ensenada.jpg\",\"datePublished\":\"2023-01-06T22:45:36+00:00\",\"dateModified\":\"2026-01-13T18:44:16+00:00\",\"description\":\"Scuba Diving in Ensenada with the best team in Baja will provide you with a very pleasant diving experience.\",\"breadcrumb\":{\"@id\":\"https:\\\/\\\/californianorte.com\\\/product\\\/snorkel\\\/#breadcrumb\"},\"inLanguage\":\"es\",\"potentialAction\":[{\"@type\":\"ReadAction\",\"target\":[\"https:\\\/\\\/californianorte.com\\\/product\\\/snorkel\\\/\"]}]},{\"@type\":\"ImageObject\",\"inLanguage\":\"es\",\"@id\":\"https:\\\/\\\/californianorte.com\\\/product\\\/snorkel\\\/#primaryimage\",\"url\":\"https:\\\/\\\/californianorte.com\\\/wp-content\\\/uploads\\\/2023\\\/01\\\/introductin-to-suba-diving-vip-ensenada.jpg\",\"contentUrl\":\"https:\\\/\\\/californianorte.com\\\/wp-content\\\/uploads\\\/2023\\\/01\\\/introductin-to-suba-diving-vip-ensenada.jpg\",\"width\":800,\"height\":800,\"caption\":\"introduction to suba diving vip ensenada\"},{\"@type\":\"BreadcrumbList\",\"@id\":\"https:\\\/\\\/californianorte.com\\\/product\\\/snorkel\\\/#breadcrumb\",\"itemListElement\":[{\"@type\":\"ListItem\",\"position\":1,\"name\":\"Home\",\"item\":\"https:\\\/\\\/californianorte.com\\\/\"},{\"@type\":\"ListItem\",\"position\":2,\"name\":\"Shop\",\"item\":\"https:\\\/\\\/californianorte.com\\\/es\\\/shop\\\/\"},{\"@type\":\"ListItem\",\"position\":3,\"name\":\"Snorkel\"}]},{\"@type\":\"WebSite\",\"@id\":\"https:\\\/\\\/californianorte.com\\\/#website\",\"url\":\"https:\\\/\\\/californianorte.com\\\/\",\"name\":\"Tours California Norte\",\"description\":\"Sportfishing Ensenada Tours\",\"potentialAction\":[{\"@type\":\"SearchAction\",\"target\":{\"@type\":\"EntryPoint\",\"urlTemplate\":\"https:\\\/\\\/californianorte.com\\\/?s={search_term_string}\"},\"query-input\":{\"@type\":\"PropertyValueSpecification\",\"valueRequired\":true,\"valueName\":\"search_term_string\"}}],\"inLanguage\":\"es\"}]}<\/script>\n<!-- \/ Yoast SEO plugin. -->","yoast_head_json":{"title":"Snorkel Ensenada Baja California - Tours California Norte","description":"Scuba Diving in Ensenada with the best team in Baja will provide you with a very pleasant diving experience.","robots":{"index":"index","follow":"follow","max-snippet":"max-snippet:-1","max-image-preview":"max-image-preview:large","max-video-preview":"max-video-preview:-1"},"canonical":"https:\/\/californianorte.com\/es\/producto\/snorkel\/","og_locale":"es_MX","og_type":"article","og_title":"Snorkel Ensenada Baja California - Tours California Norte","og_description":"Scuba Diving in Ensenada with the best team in Baja will provide you with a very pleasant diving experience.","og_url":"https:\/\/californianorte.com\/es\/producto\/snorkel\/","og_site_name":"Tours California Norte","article_modified_time":"2026-01-13T18:44:16+00:00","og_image":[{"width":800,"height":800,"url":"https:\/\/californianorte.com\/wp-content\/uploads\/2023\/01\/introductin-to-suba-diving-vip-ensenada.jpg","type":"image\/jpeg"}],"twitter_card":"summary_large_image","twitter_misc":{"Tiempo de lectura":"1 minuto"},"schema":{"@context":"https:\/\/schema.org","@graph":[{"@type":"WebPage","@id":"https:\/\/californianorte.com\/product\/snorkel\/","url":"https:\/\/californianorte.com\/product\/snorkel\/","name":"Snorkel Ensenada Baja California - Tours California Norte","isPartOf":{"@id":"https:\/\/californianorte.com\/#website"},"primaryImageOfPage":{"@id":"https:\/\/californianorte.com\/product\/snorkel\/#primaryimage"},"image":{"@id":"https:\/\/californianorte.com\/product\/snorkel\/#primaryimage"},"thumbnailUrl":"https:\/\/californianorte.com\/wp-content\/uploads\/2023\/01\/introductin-to-suba-diving-vip-ensenada.jpg","datePublished":"2023-01-06T22:45:36+00:00","dateModified":"2026-01-13T18:44:16+00:00","description":"Scuba Diving in Ensenada with the best team in Baja will provide you with a very pleasant diving experience.","breadcrumb":{"@id":"https:\/\/californianorte.com\/product\/snorkel\/#breadcrumb"},"inLanguage":"es","potentialAction":[{"@type":"ReadAction","target":["https:\/\/californianorte.com\/product\/snorkel\/"]}]},{"@type":"ImageObject","inLanguage":"es","@id":"https:\/\/californianorte.com\/product\/snorkel\/#primaryimage","url":"https:\/\/californianorte.com\/wp-content\/uploads\/2023\/01\/introductin-to-suba-diving-vip-ensenada.jpg","contentUrl":"https:\/\/californianorte.com\/wp-content\/uploads\/2023\/01\/introductin-to-suba-diving-vip-ensenada.jpg","width":800,"height":800,"caption":"introduction to suba diving vip ensenada"},{"@type":"BreadcrumbList","@id":"https:\/\/californianorte.com\/product\/snorkel\/#breadcrumb","itemListElement":[{"@type":"ListItem","position":1,"name":"Home","item":"https:\/\/californianorte.com\/"},{"@type":"ListItem","position":2,"name":"Shop","item":"https:\/\/californianorte.com\/es\/shop\/"},{"@type":"ListItem","position":3,"name":"Snorkel"}]},{"@type":"WebSite","@id":"https:\/\/californianorte.com\/#website","url":"https:\/\/californianorte.com\/","name":"Tours California Norte","description":"Sportfishing Ensenada Tours","potentialAction":[{"@type":"SearchAction","target":{"@type":"EntryPoint","urlTemplate":"https:\/\/californianorte.com\/?s={search_term_string}"},"query-input":{"@type":"PropertyValueSpecification","valueRequired":true,"valueName":"search_term_string"}}],"inLanguage":"es"}]}},"_links":{"self":[{"href":"https:\/\/californianorte.com\/es\/wp-json\/wp\/v2\/product\/2120","targetHints":{"allow":["GET"]}}],"collection":[{"href":"https:\/\/californianorte.com\/es\/wp-json\/wp\/v2\/product"}],"about":[{"href":"https:\/\/californianorte.com\/es\/wp-json\/wp\/v2\/types\/product"}],"replies":[{"embeddable":true,"href":"https:\/\/californianorte.com\/es\/wp-json\/wp\/v2\/comments?post=2120"}],"wp:featuredmedia":[{"embeddable":true,"href":"https:\/\/californianorte.com\/es\/wp-json\/wp\/v2\/media\/2121"}],"wp:attachment":[{"href":"https:\/\/californianorte.com\/es\/wp-json\/wp\/v2\/media?parent=2120"}],"wp:term":[{"taxonomy":"product_brand","embeddable":true,"href":"https:\/\/californianorte.com\/es\/wp-json\/wp\/v2\/product_brand?post=2120"},{"taxonomy":"product_cat","embeddable":true,"href":"https:\/\/californianorte.com\/es\/wp-json\/wp\/v2\/product_cat?post=2120"},{"taxonomy":"product_tag","embeddable":true,"href":"https:\/\/californianorte.com\/es\/wp-json\/wp\/v2\/product_tag?post=2120"}],"curies":[{"name":"wp","href":"https:\/\/api.w.org\/{rel}","templated":true}]}}