{"id":1331,"date":"2021-12-16T01:09:42","date_gmt":"2021-12-16T01:09:42","guid":{"rendered":"https:\/\/californianorte.com\/?post_type=product&#038;p=1331"},"modified":"2026-01-13T10:46:29","modified_gmt":"2026-01-13T18:46:29","slug":"12-hour-fishing-trip-in-ensenada","status":"publish","type":"product","link":"https:\/\/californianorte.com\/es\/producto\/12-hour-fishing-trip-in-ensenada\/","title":{"rendered":"Viaje de Pesca de At\u00fan de 12 Horas en Ensenada"},"content":{"rendered":"<div class=\"elementor-element elementor-element-f0dfea6 elementor-widget elementor-widget-heading\" data-id=\"f0dfea6\" data-element_type=\"widget\" data-widget_type=\"heading.default\">\n<div class=\"elementor-widget-container\"><span style=\"font-size: 1rem;\">Dir\u00edgete hasta 22 millas de la costa para este viaje de pesca de at\u00fan de 12 horas en Ensenada para pescar en las aguas profundas de los bancos. Los peces crecen y mejoran en las profundidades del oc\u00e9ano, y tendr\u00e1s la oportunidad de luchar contra estas preciadas especies. Prep\u00e1rate para un d\u00eda incre\u00edble en el agua mientras haces todo lo posible para volver a la orilla con una recompensa digna para la cena.<\/span><\/div>\n<\/div>\n<div class=\"elementor-element elementor-element-0afa924 elementor-icon-list--layout-traditional elementor-list-item-link-full_width elementor-widget elementor-widget-icon-list\" data-id=\"0afa924\" data-element_type=\"widget\" data-widget_type=\"icon-list.default\">\n<div class=\"elementor-widget-container\">\n<ul>\n<li><i class=\"far fa-caret-square-right\" aria-hidden=\"true\"><\/i>\u00a0 Viaje de 12 horas<\/li>\n<\/ul>\n<\/div>\n<\/div>\n<div class=\"elementor-element elementor-element-4118faf elementor-widget elementor-widget-text-editor\" data-id=\"4118faf\" data-element_type=\"widget\" data-widget_type=\"text-editor.default\">\n<div class=\"elementor-element elementor-element-8706d40 elementor-widget elementor-widget-heading\" data-id=\"8706d40\" data-element_type=\"widget\" data-widget_type=\"heading.default\">\n<div class=\"elementor-widget-container\">\n<h4 class=\"elementor-heading-title elementor-size-default\">No olvides:<\/h4>\n<\/div>\n<\/div>\n<div class=\"elementor-element elementor-element-cacde22 elementor-icon-list--layout-traditional elementor-list-item-link-full_width elementor-widget elementor-widget-icon-list\" data-id=\"cacde22\" data-element_type=\"widget\" data-widget_type=\"icon-list.default\">\n<div class=\"elementor-widget-container\">\n<ul>\n<li><i class=\"far fa-caret-square-right\" aria-hidden=\"true\"><\/i><span class=\"elementor-icon-list-text\">\u00a0 Ropa de alto rendimiento (rompe-vientos)<\/span><\/li>\n<li><i class=\"far fa-caret-square-right\" aria-hidden=\"true\"><\/i>\u00a0 Gorra<\/li>\n<li><i class=\"far fa-caret-square-right\" aria-hidden=\"true\"><\/i>\u00a0 Lentes<\/li>\n<li><i class=\"far fa-caret-square-right\" aria-hidden=\"true\"><\/i><span class=\"elementor-icon-list-text\">\u00a0 Bloqueador<\/span><\/li>\n<li><i class=\"far fa-caret-square-right\" aria-hidden=\"true\"><\/i>\u00a0 Si es tu primer viaje, bebe Dramamine una hora antes de zarpar.<\/li>\n<\/ul>\n<p>&nbsp;<\/p>\n<\/div>\n<\/div>\n<\/div>","protected":false},"excerpt":{"rendered":"<p><strong>Los precios est\u00e1n en d\u00f3lares estadounidenses.<\/strong><\/p>\n<p><strong>Zarpar a las:<\/strong> 5:00am<\/p>\n<p><strong>Capacidad:<\/strong> Hasta 12 personas<\/p>\n<p><strong>Tipo de Viaje:<\/strong> Privado. Este viaje se organizar\u00e1 solo para su grupo.<\/p>","protected":false},"featured_media":2259,"comment_status":"open","ping_status":"closed","template":"","meta":{"_acf_changed":false},"product_brand":[],"product_cat":[22,20,30],"product_tag":[],"class_list":{"0":"post-1331","1":"product","2":"type-product","3":"status-publish","4":"has-post-thumbnail","6":"product_cat-private-trip","7":"product_cat-sportfishing","8":"product_cat-tuna-fishing","9":"wcpa_has_options","11":"first","12":"instock","13":"shipping-taxable","14":"purchasable","15":"product-type-variable"},"acf":[],"yoast_head":"<!-- This site is optimized with the Yoast SEO plugin v27.2 - https:\/\/yoast.com\/product\/yoast-seo-wordpress\/ -->\n<title>12 Hour Tuna Fishing Trip in Ensenada - Tours California Norte<\/title>\n<meta name=\"description\" content=\"12 hour fishing trip in Ensenada Baja California. Spend the day fishing and having fun with friends and family. Ensenada Sportfishing charters.\" \/>\n<meta name=\"robots\" content=\"index, follow, max-snippet:-1, max-image-preview:large, max-video-preview:-1\" \/>\n<link rel=\"canonical\" href=\"https:\/\/californianorte.com\/es\/producto\/12-hour-fishing-trip-in-ensenada\/\" \/>\n<meta property=\"og:locale\" content=\"es_MX\" \/>\n<meta property=\"og:type\" content=\"article\" \/>\n<meta property=\"og:title\" content=\"12 Hour Tuna Fishing Trip in Ensenada - Tours California Norte\" \/>\n<meta property=\"og:description\" content=\"12 hour fishing trip in Ensenada Baja California. Spend the day fishing and having fun with friends and family. Ensenada Sportfishing charters.\" \/>\n<meta property=\"og:url\" content=\"https:\/\/californianorte.com\/es\/producto\/12-hour-fishing-trip-in-ensenada\/\" \/>\n<meta property=\"og:site_name\" content=\"Tours California Norte\" \/>\n<meta property=\"article:modified_time\" content=\"2026-01-13T18:46:29+00:00\" \/>\n<meta property=\"og:image\" content=\"https:\/\/californianorte.com\/wp-content\/uploads\/2021\/12\/tuna-fishing-ensenada-charter-boats.jpg\" \/>\n\t<meta property=\"og:image:width\" content=\"800\" \/>\n\t<meta property=\"og:image:height\" content=\"800\" \/>\n\t<meta property=\"og:image:type\" content=\"image\/jpeg\" \/>\n<meta name=\"twitter:card\" content=\"summary_large_image\" \/>\n<meta name=\"twitter:label1\" content=\"Tiempo de lectura\" \/>\n\t<meta name=\"twitter:data1\" content=\"1 minuto\" \/>\n<script type=\"application\/ld+json\" class=\"yoast-schema-graph\">{\"@context\":\"https:\/\/schema.org\",\"@graph\":[{\"@type\":\"WebPage\",\"@id\":\"https:\/\/californianorte.com\/product\/12-hour-fishing-trip-in-ensenada\/\",\"url\":\"https:\/\/californianorte.com\/product\/12-hour-fishing-trip-in-ensenada\/\",\"name\":\"12 Hour Tuna Fishing Trip in Ensenada - Tours California Norte\",\"isPartOf\":{\"@id\":\"https:\/\/californianorte.com\/#website\"},\"primaryImageOfPage\":{\"@id\":\"https:\/\/californianorte.com\/product\/12-hour-fishing-trip-in-ensenada\/#primaryimage\"},\"image\":{\"@id\":\"https:\/\/californianorte.com\/product\/12-hour-fishing-trip-in-ensenada\/#primaryimage\"},\"thumbnailUrl\":\"https:\/\/californianorte.com\/wp-content\/uploads\/2021\/12\/tuna-fishing-ensenada-charter-boats.jpg\",\"datePublished\":\"2021-12-16T01:09:42+00:00\",\"dateModified\":\"2026-01-13T18:46:29+00:00\",\"description\":\"12 hour fishing trip in Ensenada Baja California. Spend the day fishing and having fun with friends and family. Ensenada Sportfishing charters.\",\"breadcrumb\":{\"@id\":\"https:\/\/californianorte.com\/product\/12-hour-fishing-trip-in-ensenada\/#breadcrumb\"},\"inLanguage\":\"es\",\"potentialAction\":[{\"@type\":\"ReadAction\",\"target\":[\"https:\/\/californianorte.com\/product\/12-hour-fishing-trip-in-ensenada\/\"]}]},{\"@type\":\"ImageObject\",\"inLanguage\":\"es\",\"@id\":\"https:\/\/californianorte.com\/product\/12-hour-fishing-trip-in-ensenada\/#primaryimage\",\"url\":\"https:\/\/californianorte.com\/wp-content\/uploads\/2021\/12\/tuna-fishing-ensenada-charter-boats.jpg\",\"contentUrl\":\"https:\/\/californianorte.com\/wp-content\/uploads\/2021\/12\/tuna-fishing-ensenada-charter-boats.jpg\",\"width\":800,\"height\":800,\"caption\":\"tuna fishing ensenada charter boats\"},{\"@type\":\"BreadcrumbList\",\"@id\":\"https:\/\/californianorte.com\/product\/12-hour-fishing-trip-in-ensenada\/#breadcrumb\",\"itemListElement\":[{\"@type\":\"ListItem\",\"position\":1,\"name\":\"Home\",\"item\":\"https:\/\/californianorte.com\/\"},{\"@type\":\"ListItem\",\"position\":2,\"name\":\"Shop\",\"item\":\"https:\/\/californianorte.com\/es\/shop\/\"},{\"@type\":\"ListItem\",\"position\":3,\"name\":\"12 Hour Tuna Fishing Trip in Ensenada\"}]},{\"@type\":\"WebSite\",\"@id\":\"https:\/\/californianorte.com\/#website\",\"url\":\"https:\/\/californianorte.com\/\",\"name\":\"Tours California Norte\",\"description\":\"Sportfishing Ensenada Tours\",\"potentialAction\":[{\"@type\":\"SearchAction\",\"target\":{\"@type\":\"EntryPoint\",\"urlTemplate\":\"https:\/\/californianorte.com\/?s={search_term_string}\"},\"query-input\":{\"@type\":\"PropertyValueSpecification\",\"valueRequired\":true,\"valueName\":\"search_term_string\"}}],\"inLanguage\":\"es\"}]}<\/script>\n<!-- \/ Yoast SEO plugin. -->","yoast_head_json":{"title":"12 Hour Tuna Fishing Trip in Ensenada - Tours California Norte","description":"12 hour fishing trip in Ensenada Baja California. Spend the day fishing and having fun with friends and family. Ensenada Sportfishing charters.","robots":{"index":"index","follow":"follow","max-snippet":"max-snippet:-1","max-image-preview":"max-image-preview:large","max-video-preview":"max-video-preview:-1"},"canonical":"https:\/\/californianorte.com\/es\/producto\/12-hour-fishing-trip-in-ensenada\/","og_locale":"es_MX","og_type":"article","og_title":"12 Hour Tuna Fishing Trip in Ensenada - Tours California Norte","og_description":"12 hour fishing trip in Ensenada Baja California. Spend the day fishing and having fun with friends and family. Ensenada Sportfishing charters.","og_url":"https:\/\/californianorte.com\/es\/producto\/12-hour-fishing-trip-in-ensenada\/","og_site_name":"Tours California Norte","article_modified_time":"2026-01-13T18:46:29+00:00","og_image":[{"width":800,"height":800,"url":"https:\/\/californianorte.com\/wp-content\/uploads\/2021\/12\/tuna-fishing-ensenada-charter-boats.jpg","type":"image\/jpeg"}],"twitter_card":"summary_large_image","twitter_misc":{"Tiempo de lectura":"1 minuto"},"schema":{"@context":"https:\/\/schema.org","@graph":[{"@type":"WebPage","@id":"https:\/\/californianorte.com\/product\/12-hour-fishing-trip-in-ensenada\/","url":"https:\/\/californianorte.com\/product\/12-hour-fishing-trip-in-ensenada\/","name":"12 Hour Tuna Fishing Trip in Ensenada - Tours California Norte","isPartOf":{"@id":"https:\/\/californianorte.com\/#website"},"primaryImageOfPage":{"@id":"https:\/\/californianorte.com\/product\/12-hour-fishing-trip-in-ensenada\/#primaryimage"},"image":{"@id":"https:\/\/californianorte.com\/product\/12-hour-fishing-trip-in-ensenada\/#primaryimage"},"thumbnailUrl":"https:\/\/californianorte.com\/wp-content\/uploads\/2021\/12\/tuna-fishing-ensenada-charter-boats.jpg","datePublished":"2021-12-16T01:09:42+00:00","dateModified":"2026-01-13T18:46:29+00:00","description":"12 hour fishing trip in Ensenada Baja California. Spend the day fishing and having fun with friends and family. Ensenada Sportfishing charters.","breadcrumb":{"@id":"https:\/\/californianorte.com\/product\/12-hour-fishing-trip-in-ensenada\/#breadcrumb"},"inLanguage":"es","potentialAction":[{"@type":"ReadAction","target":["https:\/\/californianorte.com\/product\/12-hour-fishing-trip-in-ensenada\/"]}]},{"@type":"ImageObject","inLanguage":"es","@id":"https:\/\/californianorte.com\/product\/12-hour-fishing-trip-in-ensenada\/#primaryimage","url":"https:\/\/californianorte.com\/wp-content\/uploads\/2021\/12\/tuna-fishing-ensenada-charter-boats.jpg","contentUrl":"https:\/\/californianorte.com\/wp-content\/uploads\/2021\/12\/tuna-fishing-ensenada-charter-boats.jpg","width":800,"height":800,"caption":"tuna fishing ensenada charter boats"},{"@type":"BreadcrumbList","@id":"https:\/\/californianorte.com\/product\/12-hour-fishing-trip-in-ensenada\/#breadcrumb","itemListElement":[{"@type":"ListItem","position":1,"name":"Home","item":"https:\/\/californianorte.com\/"},{"@type":"ListItem","position":2,"name":"Shop","item":"https:\/\/californianorte.com\/es\/shop\/"},{"@type":"ListItem","position":3,"name":"12 Hour Tuna Fishing Trip in Ensenada"}]},{"@type":"WebSite","@id":"https:\/\/californianorte.com\/#website","url":"https:\/\/californianorte.com\/","name":"Tours California Norte","description":"Sportfishing Ensenada Tours","potentialAction":[{"@type":"SearchAction","target":{"@type":"EntryPoint","urlTemplate":"https:\/\/californianorte.com\/?s={search_term_string}"},"query-input":{"@type":"PropertyValueSpecification","valueRequired":true,"valueName":"search_term_string"}}],"inLanguage":"es"}]}},"_links":{"self":[{"href":"https:\/\/californianorte.com\/es\/wp-json\/wp\/v2\/product\/1331","targetHints":{"allow":["GET"]}}],"collection":[{"href":"https:\/\/californianorte.com\/es\/wp-json\/wp\/v2\/product"}],"about":[{"href":"https:\/\/californianorte.com\/es\/wp-json\/wp\/v2\/types\/product"}],"replies":[{"embeddable":true,"href":"https:\/\/californianorte.com\/es\/wp-json\/wp\/v2\/comments?post=1331"}],"wp:featuredmedia":[{"embeddable":true,"href":"https:\/\/californianorte.com\/es\/wp-json\/wp\/v2\/media\/2259"}],"wp:attachment":[{"href":"https:\/\/californianorte.com\/es\/wp-json\/wp\/v2\/media?parent=1331"}],"wp:term":[{"taxonomy":"product_brand","embeddable":true,"href":"https:\/\/californianorte.com\/es\/wp-json\/wp\/v2\/product_brand?post=1331"},{"taxonomy":"product_cat","embeddable":true,"href":"https:\/\/californianorte.com\/es\/wp-json\/wp\/v2\/product_cat?post=1331"},{"taxonomy":"product_tag","embeddable":true,"href":"https:\/\/californianorte.com\/es\/wp-json\/wp\/v2\/product_tag?post=1331"}],"curies":[{"name":"wp","href":"https:\/\/api.w.org\/{rel}","templated":true}]}}