{"id":1329,"date":"2021-12-16T01:07:45","date_gmt":"2021-12-16T01:07:45","guid":{"rendered":"https:\/\/californianorte.com\/?post_type=product&#038;p=1329"},"modified":"2026-01-13T10:46:48","modified_gmt":"2026-01-13T18:46:48","slug":"14-hour-fishing-trip-in-ensenada","status":"publish","type":"product","link":"https:\/\/californianorte.com\/es\/producto\/14-hour-fishing-trip-in-ensenada\/","title":{"rendered":"Viaje de Pesca de 14 a 16 Horas en Ensenada"},"content":{"rendered":"<div class=\"elementor-element elementor-element-f0dfea6 elementor-widget elementor-widget-heading\" data-id=\"f0dfea6\" data-element_type=\"widget\" data-widget_type=\"heading.default\">\n<div class=\"elementor-widget-container\">\n<p class=\"elementor-heading-title elementor-size-default\">Alrededor de 40 millas en el Oc\u00e9ano Pac\u00edfico, hay un pez que gobierna supremo. El monstruoso, fuerte, luchador y delicioso at\u00fan te brindar\u00e1 una experiencia de pesca en alta mar con la que solo podr\u00edas haber so\u00f1ado. Busca en aguas abiertas y atrae a decenas de estos peces hambrientos, antes de usar todas tus fuerzas para engancharlos a bordo. En este viaje de pesca de 14 horas en Ensenada, no solo te divertir\u00e1s en la serenidad del mar abierto, sino que desembarcar una de estas bestias tambi\u00e9n significa una deliciosa cena. Regrese a casa y disfrute de su pesca.<\/p>\n<\/div>\n<\/div>\n<div class=\"elementor-element elementor-element-0afa924 elementor-icon-list--layout-traditional elementor-list-item-link-full_width elementor-widget elementor-widget-icon-list\" data-id=\"0afa924\" data-element_type=\"widget\" data-widget_type=\"icon-list.default\">\n<div class=\"elementor-widget-container\">\n<ul>\n<li><i class=\"far fa-caret-square-right\" aria-hidden=\"true\"><\/i>\u00a014 \u2013 16 Horas de viaje<\/li>\n<\/ul>\n<\/div>\n<\/div>\n<div class=\"elementor-element elementor-element-4118faf elementor-widget elementor-widget-text-editor\" data-id=\"4118faf\" data-element_type=\"widget\" data-widget_type=\"text-editor.default\">\n<div class=\"elementor-element elementor-element-8706d40 elementor-widget elementor-widget-heading\" data-id=\"8706d40\" data-element_type=\"widget\" data-widget_type=\"heading.default\">\n<div class=\"elementor-widget-container\">\n<h4 class=\"elementor-heading-title elementor-size-default\">No olvides:<\/h4>\n<\/div>\n<\/div>\n<div class=\"elementor-element elementor-element-cacde22 elementor-icon-list--layout-traditional elementor-list-item-link-full_width elementor-widget elementor-widget-icon-list\" data-id=\"cacde22\" data-element_type=\"widget\" data-widget_type=\"icon-list.default\">\n<div class=\"elementor-widget-container\">\n<ul>\n<li><i class=\"far fa-caret-square-right\" aria-hidden=\"true\"><\/i><span class=\"elementor-icon-list-text\">\u00a0 Ropa de alto rendimiento (rompe-vientos)<\/span><\/li>\n<li><i class=\"far fa-caret-square-right\" aria-hidden=\"true\"><\/i>\u00a0 Gorra<\/li>\n<li><i class=\"far fa-caret-square-right\" aria-hidden=\"true\"><\/i>\u00a0 Lentes<\/li>\n<li><i class=\"far fa-caret-square-right\" aria-hidden=\"true\"><\/i><span class=\"elementor-icon-list-text\">Bloqueador<\/span><\/li>\n<li><i class=\"far fa-caret-square-right\" aria-hidden=\"true\"><\/i>\u00a0Si es tu primer viaje, bebe Dramamine una hora antes de zarpar.<\/li>\n<\/ul>\n<\/div>\n<\/div>\n<\/div>","protected":false},"excerpt":{"rendered":"<p><strong>Los precios est\u00e1n en d\u00f3lares estadounidenses.<\/strong><\/p>\n<p><strong>Zarpar a las:<\/strong> 2:00am<\/p>\n<p><strong>Capacidad:<\/strong> Hasta 7 personas<\/p>\n<p><strong>Tipo de Viaje:<\/strong> Privado. Este viaje se organizar\u00e1 solo para su grupo.<\/p>","protected":false},"featured_media":1336,"comment_status":"open","ping_status":"closed","template":"","meta":{"_acf_changed":false},"product_brand":[],"product_cat":[22,20],"product_tag":[],"class_list":{"0":"post-1329","1":"product","2":"type-product","3":"status-publish","4":"has-post-thumbnail","6":"product_cat-private-trip","7":"product_cat-sportfishing","8":"wcpa_has_options","10":"first","11":"instock","12":"shipping-taxable","13":"purchasable","14":"product-type-simple"},"acf":[],"yoast_head":"<!-- This site is optimized with the Yoast SEO plugin v27.2 - https:\/\/yoast.com\/product\/yoast-seo-wordpress\/ -->\n<title>14 -16 Hour Fishing Trip in Ensenada - Tours California Norte<\/title>\n<meta name=\"description\" content=\"14 hour fishing trip in Ensenada full of fun and adventure. In this off shore fishing trip you can catch tuna and a variety of other fish.\" \/>\n<meta name=\"robots\" content=\"index, follow, max-snippet:-1, max-image-preview:large, max-video-preview:-1\" \/>\n<link rel=\"canonical\" href=\"https:\/\/californianorte.com\/es\/producto\/14-hour-fishing-trip-in-ensenada\/\" \/>\n<meta property=\"og:locale\" content=\"es_MX\" \/>\n<meta property=\"og:type\" content=\"article\" \/>\n<meta property=\"og:title\" content=\"14 -16 Hour Fishing Trip in Ensenada - Tours California Norte\" \/>\n<meta property=\"og:description\" content=\"14 hour fishing trip in Ensenada full of fun and adventure. In this off shore fishing trip you can catch tuna and a variety of other fish.\" \/>\n<meta property=\"og:url\" content=\"https:\/\/californianorte.com\/es\/producto\/14-hour-fishing-trip-in-ensenada\/\" \/>\n<meta property=\"og:site_name\" content=\"Tours California Norte\" \/>\n<meta property=\"article:modified_time\" content=\"2026-01-13T18:46:48+00:00\" \/>\n<meta property=\"og:image\" content=\"https:\/\/californianorte.com\/wp-content\/uploads\/2021\/12\/14-Hour-fishing-Trip-in-ensenada-1.jpg\" \/>\n\t<meta property=\"og:image:width\" content=\"800\" \/>\n\t<meta property=\"og:image:height\" content=\"800\" \/>\n\t<meta property=\"og:image:type\" content=\"image\/jpeg\" \/>\n<meta name=\"twitter:card\" content=\"summary_large_image\" \/>\n<meta name=\"twitter:label1\" content=\"Tiempo de lectura\" \/>\n\t<meta name=\"twitter:data1\" content=\"1 minuto\" \/>\n<script type=\"application\/ld+json\" class=\"yoast-schema-graph\">{\"@context\":\"https:\/\/schema.org\",\"@graph\":[{\"@type\":\"WebPage\",\"@id\":\"https:\/\/californianorte.com\/product\/14-hour-fishing-trip-in-ensenada\/\",\"url\":\"https:\/\/californianorte.com\/product\/14-hour-fishing-trip-in-ensenada\/\",\"name\":\"14 -16 Hour Fishing Trip in Ensenada - Tours California Norte\",\"isPartOf\":{\"@id\":\"https:\/\/californianorte.com\/#website\"},\"primaryImageOfPage\":{\"@id\":\"https:\/\/californianorte.com\/product\/14-hour-fishing-trip-in-ensenada\/#primaryimage\"},\"image\":{\"@id\":\"https:\/\/californianorte.com\/product\/14-hour-fishing-trip-in-ensenada\/#primaryimage\"},\"thumbnailUrl\":\"https:\/\/californianorte.com\/wp-content\/uploads\/2021\/12\/14-Hour-fishing-Trip-in-ensenada-1.jpg\",\"datePublished\":\"2021-12-16T01:07:45+00:00\",\"dateModified\":\"2026-01-13T18:46:48+00:00\",\"description\":\"14 hour fishing trip in Ensenada full of fun and adventure. In this off shore fishing trip you can catch tuna and a variety of other fish.\",\"breadcrumb\":{\"@id\":\"https:\/\/californianorte.com\/product\/14-hour-fishing-trip-in-ensenada\/#breadcrumb\"},\"inLanguage\":\"es\",\"potentialAction\":[{\"@type\":\"ReadAction\",\"target\":[\"https:\/\/californianorte.com\/product\/14-hour-fishing-trip-in-ensenada\/\"]}]},{\"@type\":\"ImageObject\",\"inLanguage\":\"es\",\"@id\":\"https:\/\/californianorte.com\/product\/14-hour-fishing-trip-in-ensenada\/#primaryimage\",\"url\":\"https:\/\/californianorte.com\/wp-content\/uploads\/2021\/12\/14-Hour-fishing-Trip-in-ensenada-1.jpg\",\"contentUrl\":\"https:\/\/californianorte.com\/wp-content\/uploads\/2021\/12\/14-Hour-fishing-Trip-in-ensenada-1.jpg\",\"width\":800,\"height\":800,\"caption\":\"14 Hour fishing Trip in ensenada\"},{\"@type\":\"BreadcrumbList\",\"@id\":\"https:\/\/californianorte.com\/product\/14-hour-fishing-trip-in-ensenada\/#breadcrumb\",\"itemListElement\":[{\"@type\":\"ListItem\",\"position\":1,\"name\":\"Home\",\"item\":\"https:\/\/californianorte.com\/\"},{\"@type\":\"ListItem\",\"position\":2,\"name\":\"Shop\",\"item\":\"https:\/\/californianorte.com\/es\/shop\/\"},{\"@type\":\"ListItem\",\"position\":3,\"name\":\"14 -16 Hour Fishing Trip in Ensenada\"}]},{\"@type\":\"WebSite\",\"@id\":\"https:\/\/californianorte.com\/#website\",\"url\":\"https:\/\/californianorte.com\/\",\"name\":\"Tours California Norte\",\"description\":\"Sportfishing Ensenada Tours\",\"potentialAction\":[{\"@type\":\"SearchAction\",\"target\":{\"@type\":\"EntryPoint\",\"urlTemplate\":\"https:\/\/californianorte.com\/?s={search_term_string}\"},\"query-input\":{\"@type\":\"PropertyValueSpecification\",\"valueRequired\":true,\"valueName\":\"search_term_string\"}}],\"inLanguage\":\"es\"}]}<\/script>\n<!-- \/ Yoast SEO plugin. -->","yoast_head_json":{"title":"14 -16 Hour Fishing Trip in Ensenada - Tours California Norte","description":"14 hour fishing trip in Ensenada full of fun and adventure. In this off shore fishing trip you can catch tuna and a variety of other fish.","robots":{"index":"index","follow":"follow","max-snippet":"max-snippet:-1","max-image-preview":"max-image-preview:large","max-video-preview":"max-video-preview:-1"},"canonical":"https:\/\/californianorte.com\/es\/producto\/14-hour-fishing-trip-in-ensenada\/","og_locale":"es_MX","og_type":"article","og_title":"14 -16 Hour Fishing Trip in Ensenada - Tours California Norte","og_description":"14 hour fishing trip in Ensenada full of fun and adventure. In this off shore fishing trip you can catch tuna and a variety of other fish.","og_url":"https:\/\/californianorte.com\/es\/producto\/14-hour-fishing-trip-in-ensenada\/","og_site_name":"Tours California Norte","article_modified_time":"2026-01-13T18:46:48+00:00","og_image":[{"width":800,"height":800,"url":"https:\/\/californianorte.com\/wp-content\/uploads\/2021\/12\/14-Hour-fishing-Trip-in-ensenada-1.jpg","type":"image\/jpeg"}],"twitter_card":"summary_large_image","twitter_misc":{"Tiempo de lectura":"1 minuto"},"schema":{"@context":"https:\/\/schema.org","@graph":[{"@type":"WebPage","@id":"https:\/\/californianorte.com\/product\/14-hour-fishing-trip-in-ensenada\/","url":"https:\/\/californianorte.com\/product\/14-hour-fishing-trip-in-ensenada\/","name":"14 -16 Hour Fishing Trip in Ensenada - Tours California Norte","isPartOf":{"@id":"https:\/\/californianorte.com\/#website"},"primaryImageOfPage":{"@id":"https:\/\/californianorte.com\/product\/14-hour-fishing-trip-in-ensenada\/#primaryimage"},"image":{"@id":"https:\/\/californianorte.com\/product\/14-hour-fishing-trip-in-ensenada\/#primaryimage"},"thumbnailUrl":"https:\/\/californianorte.com\/wp-content\/uploads\/2021\/12\/14-Hour-fishing-Trip-in-ensenada-1.jpg","datePublished":"2021-12-16T01:07:45+00:00","dateModified":"2026-01-13T18:46:48+00:00","description":"14 hour fishing trip in Ensenada full of fun and adventure. In this off shore fishing trip you can catch tuna and a variety of other fish.","breadcrumb":{"@id":"https:\/\/californianorte.com\/product\/14-hour-fishing-trip-in-ensenada\/#breadcrumb"},"inLanguage":"es","potentialAction":[{"@type":"ReadAction","target":["https:\/\/californianorte.com\/product\/14-hour-fishing-trip-in-ensenada\/"]}]},{"@type":"ImageObject","inLanguage":"es","@id":"https:\/\/californianorte.com\/product\/14-hour-fishing-trip-in-ensenada\/#primaryimage","url":"https:\/\/californianorte.com\/wp-content\/uploads\/2021\/12\/14-Hour-fishing-Trip-in-ensenada-1.jpg","contentUrl":"https:\/\/californianorte.com\/wp-content\/uploads\/2021\/12\/14-Hour-fishing-Trip-in-ensenada-1.jpg","width":800,"height":800,"caption":"14 Hour fishing Trip in ensenada"},{"@type":"BreadcrumbList","@id":"https:\/\/californianorte.com\/product\/14-hour-fishing-trip-in-ensenada\/#breadcrumb","itemListElement":[{"@type":"ListItem","position":1,"name":"Home","item":"https:\/\/californianorte.com\/"},{"@type":"ListItem","position":2,"name":"Shop","item":"https:\/\/californianorte.com\/es\/shop\/"},{"@type":"ListItem","position":3,"name":"14 -16 Hour Fishing Trip in Ensenada"}]},{"@type":"WebSite","@id":"https:\/\/californianorte.com\/#website","url":"https:\/\/californianorte.com\/","name":"Tours California Norte","description":"Sportfishing Ensenada Tours","potentialAction":[{"@type":"SearchAction","target":{"@type":"EntryPoint","urlTemplate":"https:\/\/californianorte.com\/?s={search_term_string}"},"query-input":{"@type":"PropertyValueSpecification","valueRequired":true,"valueName":"search_term_string"}}],"inLanguage":"es"}]}},"_links":{"self":[{"href":"https:\/\/californianorte.com\/es\/wp-json\/wp\/v2\/product\/1329","targetHints":{"allow":["GET"]}}],"collection":[{"href":"https:\/\/californianorte.com\/es\/wp-json\/wp\/v2\/product"}],"about":[{"href":"https:\/\/californianorte.com\/es\/wp-json\/wp\/v2\/types\/product"}],"replies":[{"embeddable":true,"href":"https:\/\/californianorte.com\/es\/wp-json\/wp\/v2\/comments?post=1329"}],"wp:featuredmedia":[{"embeddable":true,"href":"https:\/\/californianorte.com\/es\/wp-json\/wp\/v2\/media\/1336"}],"wp:attachment":[{"href":"https:\/\/californianorte.com\/es\/wp-json\/wp\/v2\/media?parent=1329"}],"wp:term":[{"taxonomy":"product_brand","embeddable":true,"href":"https:\/\/californianorte.com\/es\/wp-json\/wp\/v2\/product_brand?post=1329"},{"taxonomy":"product_cat","embeddable":true,"href":"https:\/\/californianorte.com\/es\/wp-json\/wp\/v2\/product_cat?post=1329"},{"taxonomy":"product_tag","embeddable":true,"href":"https:\/\/californianorte.com\/es\/wp-json\/wp\/v2\/product_tag?post=1329"}],"curies":[{"name":"wp","href":"https:\/\/api.w.org\/{rel}","templated":true}]}}