{"id":1280,"date":"2021-11-11T03:06:07","date_gmt":"2021-11-11T03:06:07","guid":{"rendered":"https:\/\/californianorte.com\/?post_type=product&#038;p=1280"},"modified":"2026-01-13T10:41:11","modified_gmt":"2026-01-13T18:41:11","slug":"ensenada-whale-watching-private-tour","status":"publish","type":"product","link":"https:\/\/californianorte.com\/es\/producto\/ensenada-whale-watching-private-tour\/","title":{"rendered":"Tour privado de avistamiento de ballenas en Ensenada"},"content":{"rendered":"<div class=\"elementor-element elementor-element-f0dfea6 elementor-widget elementor-widget-heading\" data-id=\"f0dfea6\" data-element_type=\"widget\" data-widget_type=\"heading.default\">\n<div class=\"elementor-widget-container\">\n<p>Emb\u00e1rcate en nuestra excursi\u00f3n para conocer a la majestuosa ballena gris, que cada a\u00f1o recorre nuestras costas en una de las migraciones m\u00e1s largas realizadas por mam\u00edferos, desde Alaska hasta la pen\u00ednsula de Baja California. Zarparemos a las 9:00 a. m. desde el conocido \"Mercado Negro\" (mercado de mariscos de Ensenada) y nos dirigiremos a la Isla Todos Santos para comenzar la aventura; en el camino podremos admirar la fauna marina, con la posibilidad de avistar delfines, lobos marinos, entre otros. Ver la ballena gris es, sin duda, una experiencia que te dejar\u00e1 sin palabras. Admirar a estos imponentes ejemplares durante su migraci\u00f3n e incluso verlos jugar con sus cr\u00edas es una experiencia que debes vivir al menos una vez en la vida.<\/p>\n<ul>\n<li><i class=\"far fa-caret-square-right\" aria-hidden=\"true\"><\/i> Viaje de 4 horas<\/li>\n<\/ul>\n<h4 class=\"elementor-heading-title elementor-size-default\">Incluye:<\/h4>\n<\/div>\n<\/div>\n<div class=\"elementor-element elementor-element-0afa924 elementor-icon-list--layout-traditional elementor-list-item-link-full_width elementor-widget elementor-widget-icon-list\" data-id=\"0afa924\" data-element_type=\"widget\" data-widget_type=\"icon-list.default\">\n<div class=\"elementor-widget-container\">\n<ul>\n<li><i class=\"far fa-caret-square-right\" aria-hidden=\"true\"><\/i> Agua<\/li>\n<li><i class=\"far fa-caret-square-right\" aria-hidden=\"true\"><\/i> Capit\u00e1n<\/li>\n<\/ul>\n<\/div>\n<\/div>\n<div class=\"elementor-element elementor-element-4118faf elementor-widget elementor-widget-text-editor\" data-id=\"4118faf\" data-element_type=\"widget\" data-widget_type=\"text-editor.default\">\n<div class=\"elementor-element elementor-element-8706d40 elementor-widget elementor-widget-heading\" data-id=\"8706d40\" data-element_type=\"widget\" data-widget_type=\"heading.default\">\n<div class=\"elementor-widget-container\">\n<h4 class=\"elementor-heading-title elementor-size-default\">No olvides:<\/h4>\n<\/div>\n<\/div>\n<div class=\"elementor-element elementor-element-cacde22 elementor-icon-list--layout-traditional elementor-list-item-link-full_width elementor-widget elementor-widget-icon-list\" data-id=\"cacde22\" data-element_type=\"widget\" data-widget_type=\"icon-list.default\">\n<div class=\"elementor-widget-container\">\n<ul>\n<li><i class=\"far fa-caret-square-right\" aria-hidden=\"true\"><\/i><span class=\"elementor-icon-list-text\">\u00a0 Ropa de alto rendimiento (rompe-vientos)<\/span><\/li>\n<li><i class=\"far fa-caret-square-right\" aria-hidden=\"true\"><\/i>\u00a0 Gorra<\/li>\n<li><i class=\"far fa-caret-square-right\" aria-hidden=\"true\"><\/i>\u00a0 Lentes<\/li>\n<li><i class=\"far fa-caret-square-right\" aria-hidden=\"true\"><\/i><span class=\"elementor-icon-list-text\">\u00a0 Bloqueador<\/span><\/li>\n<li><i class=\"far fa-caret-square-right\" aria-hidden=\"true\"><\/i>\u00a0 Si es tu primer viaje, bebe Dramamine una hora antes de zarpar.<\/li>\n<\/ul>\n<\/div>\n<\/div>\n<\/div>","protected":false},"excerpt":{"rendered":"<p><strong>Los precios est\u00e1n en d\u00f3lares estadounidenses.<\/strong><\/p>\n<p><strong>Temporada:<\/strong>\u00a0Diciembre \u2013 Abril<\/p>\n<p><strong>Zarpe<\/strong>: 9:00 am<\/p>\n<p><strong>Capacidad<\/strong>: Hasta 10 Adultos, 2 Ni\u00f1os<\/p>\n<p><strong>Tipo de viaje<\/strong>:Este viaje se organizar\u00e1 solo para su grupo.<\/p>","protected":false},"featured_media":1282,"comment_status":"open","ping_status":"closed","template":"","meta":{"_acf_changed":false},"product_brand":[],"product_cat":[22,27],"product_tag":[],"class_list":{"0":"post-1280","1":"product","2":"type-product","3":"status-publish","4":"has-post-thumbnail","6":"product_cat-private-trip","7":"product_cat-whale-watching","8":"wcpa_has_options","10":"first","11":"instock","12":"shipping-taxable","13":"purchasable","14":"product-type-simple"},"acf":[],"yoast_head":"<!-- This site is optimized with the Yoast SEO plugin v27.2 - https:\/\/yoast.com\/product\/yoast-seo-wordpress\/ -->\n<title>Ensenada Whale Watching Private Tour - Tours California Norte<\/title>\n<meta name=\"description\" content=\"Ensenada Whale Watching Private Tour is perfect for you and your family to enjoy this awesome trip. See Gray Whales and other sea creatures.\" \/>\n<meta name=\"robots\" content=\"index, follow, max-snippet:-1, max-image-preview:large, max-video-preview:-1\" \/>\n<link rel=\"canonical\" href=\"https:\/\/californianorte.com\/es\/producto\/ensenada-whale-watching-private-tour\/\" \/>\n<meta property=\"og:locale\" content=\"es_MX\" \/>\n<meta property=\"og:type\" content=\"article\" \/>\n<meta property=\"og:title\" content=\"Ensenada Whale Watching Private Tour - Tours California Norte\" \/>\n<meta property=\"og:description\" content=\"Ensenada Whale Watching Private Tour is perfect for you and your family to enjoy this awesome trip. See Gray Whales and other sea creatures.\" \/>\n<meta property=\"og:url\" content=\"https:\/\/californianorte.com\/es\/producto\/ensenada-whale-watching-private-tour\/\" \/>\n<meta property=\"og:site_name\" content=\"Tours California Norte\" \/>\n<meta property=\"article:modified_time\" content=\"2026-01-13T18:41:11+00:00\" \/>\n<meta property=\"og:image\" content=\"https:\/\/californianorte.com\/wp-content\/uploads\/2021\/11\/Ensenada-Whale-Watching-Private-Tour.jpg\" \/>\n\t<meta property=\"og:image:width\" content=\"800\" \/>\n\t<meta property=\"og:image:height\" content=\"800\" \/>\n\t<meta property=\"og:image:type\" content=\"image\/jpeg\" \/>\n<meta name=\"twitter:card\" content=\"summary_large_image\" \/>\n<meta name=\"twitter:label1\" content=\"Tiempo de lectura\" \/>\n\t<meta name=\"twitter:data1\" content=\"1 minuto\" \/>\n<script type=\"application\/ld+json\" class=\"yoast-schema-graph\">{\"@context\":\"https:\/\/schema.org\",\"@graph\":[{\"@type\":\"WebPage\",\"@id\":\"https:\/\/californianorte.com\/product\/ensenada-whale-watching-private-tour\/\",\"url\":\"https:\/\/californianorte.com\/product\/ensenada-whale-watching-private-tour\/\",\"name\":\"Ensenada Whale Watching Private Tour - Tours California Norte\",\"isPartOf\":{\"@id\":\"https:\/\/californianorte.com\/#website\"},\"primaryImageOfPage\":{\"@id\":\"https:\/\/californianorte.com\/product\/ensenada-whale-watching-private-tour\/#primaryimage\"},\"image\":{\"@id\":\"https:\/\/californianorte.com\/product\/ensenada-whale-watching-private-tour\/#primaryimage\"},\"thumbnailUrl\":\"https:\/\/californianorte.com\/wp-content\/uploads\/2021\/11\/Ensenada-Whale-Watching-Private-Tour.jpg\",\"datePublished\":\"2021-11-11T03:06:07+00:00\",\"dateModified\":\"2026-01-13T18:41:11+00:00\",\"description\":\"Ensenada Whale Watching Private Tour is perfect for you and your family to enjoy this awesome trip. See Gray Whales and other sea creatures.\",\"breadcrumb\":{\"@id\":\"https:\/\/californianorte.com\/product\/ensenada-whale-watching-private-tour\/#breadcrumb\"},\"inLanguage\":\"es\",\"potentialAction\":[{\"@type\":\"ReadAction\",\"target\":[\"https:\/\/californianorte.com\/product\/ensenada-whale-watching-private-tour\/\"]}]},{\"@type\":\"ImageObject\",\"inLanguage\":\"es\",\"@id\":\"https:\/\/californianorte.com\/product\/ensenada-whale-watching-private-tour\/#primaryimage\",\"url\":\"https:\/\/californianorte.com\/wp-content\/uploads\/2021\/11\/Ensenada-Whale-Watching-Private-Tour.jpg\",\"contentUrl\":\"https:\/\/californianorte.com\/wp-content\/uploads\/2021\/11\/Ensenada-Whale-Watching-Private-Tour.jpg\",\"width\":800,\"height\":800,\"caption\":\"Ensenada Whale Watching Private Tour\"},{\"@type\":\"BreadcrumbList\",\"@id\":\"https:\/\/californianorte.com\/product\/ensenada-whale-watching-private-tour\/#breadcrumb\",\"itemListElement\":[{\"@type\":\"ListItem\",\"position\":1,\"name\":\"Home\",\"item\":\"https:\/\/californianorte.com\/\"},{\"@type\":\"ListItem\",\"position\":2,\"name\":\"Shop\",\"item\":\"https:\/\/californianorte.com\/es\/shop\/\"},{\"@type\":\"ListItem\",\"position\":3,\"name\":\"Ensenada Whale Watching Private Tour\"}]},{\"@type\":\"WebSite\",\"@id\":\"https:\/\/californianorte.com\/#website\",\"url\":\"https:\/\/californianorte.com\/\",\"name\":\"Tours California Norte\",\"description\":\"Sportfishing Ensenada Tours\",\"potentialAction\":[{\"@type\":\"SearchAction\",\"target\":{\"@type\":\"EntryPoint\",\"urlTemplate\":\"https:\/\/californianorte.com\/?s={search_term_string}\"},\"query-input\":{\"@type\":\"PropertyValueSpecification\",\"valueRequired\":true,\"valueName\":\"search_term_string\"}}],\"inLanguage\":\"es\"}]}<\/script>\n<!-- \/ Yoast SEO plugin. -->","yoast_head_json":{"title":"Ensenada Whale Watching Private Tour - Tours California Norte","description":"Ensenada Whale Watching Private Tour is perfect for you and your family to enjoy this awesome trip. See Gray Whales and other sea creatures.","robots":{"index":"index","follow":"follow","max-snippet":"max-snippet:-1","max-image-preview":"max-image-preview:large","max-video-preview":"max-video-preview:-1"},"canonical":"https:\/\/californianorte.com\/es\/producto\/ensenada-whale-watching-private-tour\/","og_locale":"es_MX","og_type":"article","og_title":"Ensenada Whale Watching Private Tour - Tours California Norte","og_description":"Ensenada Whale Watching Private Tour is perfect for you and your family to enjoy this awesome trip. See Gray Whales and other sea creatures.","og_url":"https:\/\/californianorte.com\/es\/producto\/ensenada-whale-watching-private-tour\/","og_site_name":"Tours California Norte","article_modified_time":"2026-01-13T18:41:11+00:00","og_image":[{"width":800,"height":800,"url":"https:\/\/californianorte.com\/wp-content\/uploads\/2021\/11\/Ensenada-Whale-Watching-Private-Tour.jpg","type":"image\/jpeg"}],"twitter_card":"summary_large_image","twitter_misc":{"Tiempo de lectura":"1 minuto"},"schema":{"@context":"https:\/\/schema.org","@graph":[{"@type":"WebPage","@id":"https:\/\/californianorte.com\/product\/ensenada-whale-watching-private-tour\/","url":"https:\/\/californianorte.com\/product\/ensenada-whale-watching-private-tour\/","name":"Ensenada Whale Watching Private Tour - Tours California Norte","isPartOf":{"@id":"https:\/\/californianorte.com\/#website"},"primaryImageOfPage":{"@id":"https:\/\/californianorte.com\/product\/ensenada-whale-watching-private-tour\/#primaryimage"},"image":{"@id":"https:\/\/californianorte.com\/product\/ensenada-whale-watching-private-tour\/#primaryimage"},"thumbnailUrl":"https:\/\/californianorte.com\/wp-content\/uploads\/2021\/11\/Ensenada-Whale-Watching-Private-Tour.jpg","datePublished":"2021-11-11T03:06:07+00:00","dateModified":"2026-01-13T18:41:11+00:00","description":"Ensenada Whale Watching Private Tour is perfect for you and your family to enjoy this awesome trip. See Gray Whales and other sea creatures.","breadcrumb":{"@id":"https:\/\/californianorte.com\/product\/ensenada-whale-watching-private-tour\/#breadcrumb"},"inLanguage":"es","potentialAction":[{"@type":"ReadAction","target":["https:\/\/californianorte.com\/product\/ensenada-whale-watching-private-tour\/"]}]},{"@type":"ImageObject","inLanguage":"es","@id":"https:\/\/californianorte.com\/product\/ensenada-whale-watching-private-tour\/#primaryimage","url":"https:\/\/californianorte.com\/wp-content\/uploads\/2021\/11\/Ensenada-Whale-Watching-Private-Tour.jpg","contentUrl":"https:\/\/californianorte.com\/wp-content\/uploads\/2021\/11\/Ensenada-Whale-Watching-Private-Tour.jpg","width":800,"height":800,"caption":"Ensenada Whale Watching Private Tour"},{"@type":"BreadcrumbList","@id":"https:\/\/californianorte.com\/product\/ensenada-whale-watching-private-tour\/#breadcrumb","itemListElement":[{"@type":"ListItem","position":1,"name":"Home","item":"https:\/\/californianorte.com\/"},{"@type":"ListItem","position":2,"name":"Shop","item":"https:\/\/californianorte.com\/es\/shop\/"},{"@type":"ListItem","position":3,"name":"Ensenada Whale Watching Private Tour"}]},{"@type":"WebSite","@id":"https:\/\/californianorte.com\/#website","url":"https:\/\/californianorte.com\/","name":"Tours California Norte","description":"Sportfishing Ensenada Tours","potentialAction":[{"@type":"SearchAction","target":{"@type":"EntryPoint","urlTemplate":"https:\/\/californianorte.com\/?s={search_term_string}"},"query-input":{"@type":"PropertyValueSpecification","valueRequired":true,"valueName":"search_term_string"}}],"inLanguage":"es"}]}},"_links":{"self":[{"href":"https:\/\/californianorte.com\/es\/wp-json\/wp\/v2\/product\/1280","targetHints":{"allow":["GET"]}}],"collection":[{"href":"https:\/\/californianorte.com\/es\/wp-json\/wp\/v2\/product"}],"about":[{"href":"https:\/\/californianorte.com\/es\/wp-json\/wp\/v2\/types\/product"}],"replies":[{"embeddable":true,"href":"https:\/\/californianorte.com\/es\/wp-json\/wp\/v2\/comments?post=1280"}],"wp:featuredmedia":[{"embeddable":true,"href":"https:\/\/californianorte.com\/es\/wp-json\/wp\/v2\/media\/1282"}],"wp:attachment":[{"href":"https:\/\/californianorte.com\/es\/wp-json\/wp\/v2\/media?parent=1280"}],"wp:term":[{"taxonomy":"product_brand","embeddable":true,"href":"https:\/\/californianorte.com\/es\/wp-json\/wp\/v2\/product_brand?post=1280"},{"taxonomy":"product_cat","embeddable":true,"href":"https:\/\/californianorte.com\/es\/wp-json\/wp\/v2\/product_cat?post=1280"},{"taxonomy":"product_tag","embeddable":true,"href":"https:\/\/californianorte.com\/es\/wp-json\/wp\/v2\/product_tag?post=1280"}],"curies":[{"name":"wp","href":"https:\/\/api.w.org\/{rel}","templated":true}]}}