{"id":1011,"date":"2021-08-04T19:04:09","date_gmt":"2021-08-04T19:04:09","guid":{"rendered":"http:\/\/californianorte.com\/?post_type=product&#038;p=1011"},"modified":"2026-01-13T10:47:19","modified_gmt":"2026-01-13T18:47:19","slug":"scuba-diving-discovery","status":"publish","type":"product","link":"https:\/\/californianorte.com\/es\/producto\/scuba-diving-discovery\/","title":{"rendered":"Buceo Discovery"},"content":{"rendered":"<p>La introducci\u00f3n al buceo est\u00e1 destinada a buceadores primerizos, una clase individual y un buceo seguro. Entrada simple, entrega r\u00e1pida, \u00a1realmente algo poco com\u00fan! Adem\u00e1s, \u00a1tendr\u00e1s un asistente cerca de ti en todo momento! Una introducci\u00f3n excepcionalmente realista y muy cercana al buceo en el mundo sumergido. El tour incluye un gu\u00eda y todo el equipo necesario. \u00a1No se requiere certificado de buceo!<\/p>\n<div class=\"elementor-element elementor-element-f0dfea6 elementor-widget elementor-widget-heading\" data-id=\"f0dfea6\" data-element_type=\"widget\" data-widget_type=\"heading.default\">\n<div class=\"elementor-widget-container\">\n<ul>\n<li><i class=\"far fa-caret-square-right\" aria-hidden=\"true\"><\/i><span class=\"elementor-icon-list-text\"> Viaje de 6 horas<\/span><\/li>\n<\/ul>\n<h4 class=\"elementor-heading-title elementor-size-default\">Incluye:<\/h4>\n<\/div>\n<\/div>\n<div class=\"elementor-element elementor-element-0afa924 elementor-icon-list--layout-traditional elementor-list-item-link-full_width elementor-widget elementor-widget-icon-list\" data-id=\"0afa924\" data-element_type=\"widget\" data-widget_type=\"icon-list.default\">\n<div class=\"elementor-widget-container\">\n<ul>\n<li><i class=\"far fa-caret-square-right\" aria-hidden=\"true\"><\/i><span class=\"elementor-icon-list-text\"> Equipo<\/span><\/li>\n<li><i class=\"far fa-caret-square-right\" aria-hidden=\"true\"><\/i><span class=\"elementor-icon-list-text\"> Agua Embotellada<\/span><\/li>\n<\/ul>\n<\/div>\n<\/div>\n<div class=\"elementor-element elementor-element-4118faf elementor-widget elementor-widget-text-editor\" data-id=\"4118faf\" data-element_type=\"widget\" data-widget_type=\"text-editor.default\">\n<div class=\"elementor-element elementor-element-8706d40 elementor-widget elementor-widget-heading\" data-id=\"8706d40\" data-element_type=\"widget\" data-widget_type=\"heading.default\">\n<div class=\"elementor-widget-container\">\n<h4 class=\"elementor-heading-title elementor-size-default\">No olvides:<\/h4>\n<\/div>\n<\/div>\n<div class=\"elementor-element elementor-element-cacde22 elementor-icon-list--layout-traditional elementor-list-item-link-full_width elementor-widget elementor-widget-icon-list\" data-id=\"cacde22\" data-element_type=\"widget\" data-widget_type=\"icon-list.default\">\n<div class=\"elementor-widget-container\">\n<ul>\n<li><i class=\"far fa-caret-square-right\" aria-hidden=\"true\"><\/i><span class=\"elementor-icon-list-text\"> Traje de Ba\u00f1o o Nataci\u00f3n<\/span><\/li>\n<li><i class=\"far fa-caret-square-right\" aria-hidden=\"true\"><\/i><span class=\"elementor-icon-list-text\"> Sandalias o Zapatos para el Agua<\/span><\/li>\n<li><i class=\"far fa-caret-square-right\" aria-hidden=\"true\"><\/i><span class=\"elementor-icon-list-text\"> Toalla<\/span><\/li>\n<li><i class=\"far fa-caret-square-right\" aria-hidden=\"true\"><\/i><span class=\"elementor-icon-list-text\"> Bloqueador<\/span><\/li>\n<\/ul>\n<h4 class=\"elementor-heading-title elementor-size-default\">Requerimientos:<\/h4>\n<p>&nbsp;<\/p>\n<ul>\n<li><i class=\"far fa-caret-square-right\" aria-hidden=\"true\"><\/i><span class=\"elementor-icon-list-text\"> Es importante saber nadar y estar comodo en el agua.<\/span><\/li>\n<li><i class=\"far fa-caret-square-right\" aria-hidden=\"true\"><\/i><span class=\"elementor-icon-list-text\"> Es posible que las clientas que est\u00e9n embarazadas o clientes que tengan otros problemas cl\u00ednicos, incluido un procedimiento m\u00e9dico reciente, problemas card\u00edacos, antecedentes de derrames cerebrales o desmayos, no puedan participar.<\/span><\/li>\n<li><i class=\"far fa-caret-square-right\" aria-hidden=\"true\"><\/i><span class=\"elementor-icon-list-text\"> Todos los clientes deben completar una exenci\u00f3n antes de esta excursi\u00f3n.<\/span><\/li>\n<li><i class=\"far fa-caret-square-right\" aria-hidden=\"true\"><\/i><span class=\"elementor-icon-list-text\"> Minima edad de 12 a\u00f1os.<\/span><\/li>\n<li><i class=\"far fa-caret-square-right\" aria-hidden=\"true\"><\/i><span class=\"elementor-icon-list-text\"> Peso m\u00e1ximo de 280 libras<\/span><\/li>\n<\/ul>\n<\/div>\n<\/div>\n<\/div>","protected":false},"excerpt":{"rendered":"<p><strong>Los precios est\u00e1n en d\u00f3lares estadounidenses.<\/strong><\/p>\n<p><strong>Tiempo<\/strong>: 9:30 am \u2013 3:30 pm<\/p>\n<p><strong>Costo<\/strong>: $1434.00 USD Up to 4 Persons<br \/>\n*$165.00 USD por cada persona adicional<\/p>\n<p><strong>Capacidad<\/strong>: 10 Personas<\/p>\n<p><strong>Tipo de viaje<\/strong>: Este viaje se puede compartir o ser privado.<\/p>\n<p>&nbsp;<\/p>\n<p>&nbsp;<\/p>\n<p>&nbsp;<\/p>\n<p>&nbsp;<\/p>\n<p>&nbsp;<\/p>","protected":false},"featured_media":1012,"comment_status":"open","ping_status":"closed","template":"","meta":{"_acf_changed":false},"product_brand":[],"product_cat":[26],"product_tag":[],"class_list":{"0":"post-1011","1":"product","2":"type-product","3":"status-publish","4":"has-post-thumbnail","6":"product_cat-scuba-diving","7":"wcpa_has_options","9":"first","10":"instock","11":"shipping-taxable","12":"purchasable","13":"product-type-variable"},"acf":[],"yoast_head":"<!-- This site is optimized with the Yoast SEO plugin v27.2 - https:\/\/yoast.com\/product\/yoast-seo-wordpress\/ -->\n<title>Scuba Diving Discovery Ensenada Baja California - Tours California Norte<\/title>\n<meta name=\"description\" content=\"Scuba Diving in Ensenada with the best team in Baja will provide you with a very pleasant diving experience.\" \/>\n<meta name=\"robots\" content=\"index, follow, max-snippet:-1, max-image-preview:large, max-video-preview:-1\" \/>\n<link rel=\"canonical\" href=\"https:\/\/californianorte.com\/es\/producto\/scuba-diving-discovery\/\" \/>\n<meta property=\"og:locale\" content=\"es_MX\" \/>\n<meta property=\"og:type\" content=\"article\" \/>\n<meta property=\"og:title\" content=\"Scuba Diving Discovery Ensenada Baja California - Tours California Norte\" \/>\n<meta property=\"og:description\" content=\"Scuba Diving in Ensenada with the best team in Baja will provide you with a very pleasant diving experience.\" \/>\n<meta property=\"og:url\" content=\"https:\/\/californianorte.com\/es\/producto\/scuba-diving-discovery\/\" \/>\n<meta property=\"og:site_name\" content=\"Tours California Norte\" \/>\n<meta property=\"article:modified_time\" content=\"2026-01-13T18:47:19+00:00\" \/>\n<meta property=\"og:image\" content=\"https:\/\/californianorte.com\/wp-content\/uploads\/2021\/08\/scuba-diving-in-ensenada.jpg\" \/>\n\t<meta property=\"og:image:width\" content=\"800\" \/>\n\t<meta property=\"og:image:height\" content=\"800\" \/>\n\t<meta property=\"og:image:type\" content=\"image\/jpeg\" \/>\n<meta name=\"twitter:card\" content=\"summary_large_image\" \/>\n<meta name=\"twitter:label1\" content=\"Tiempo de lectura\" \/>\n\t<meta name=\"twitter:data1\" content=\"1 minuto\" \/>\n<script type=\"application\/ld+json\" class=\"yoast-schema-graph\">{\"@context\":\"https:\/\/schema.org\",\"@graph\":[{\"@type\":\"WebPage\",\"@id\":\"https:\/\/californianorte.com\/product\/scuba-diving-discovery\/\",\"url\":\"https:\/\/californianorte.com\/product\/scuba-diving-discovery\/\",\"name\":\"Scuba Diving Discovery Ensenada Baja California - Tours California Norte\",\"isPartOf\":{\"@id\":\"https:\/\/californianorte.com\/#website\"},\"primaryImageOfPage\":{\"@id\":\"https:\/\/californianorte.com\/product\/scuba-diving-discovery\/#primaryimage\"},\"image\":{\"@id\":\"https:\/\/californianorte.com\/product\/scuba-diving-discovery\/#primaryimage\"},\"thumbnailUrl\":\"https:\/\/californianorte.com\/wp-content\/uploads\/2021\/08\/scuba-diving-in-ensenada.jpg\",\"datePublished\":\"2021-08-04T19:04:09+00:00\",\"dateModified\":\"2026-01-13T18:47:19+00:00\",\"description\":\"Scuba Diving in Ensenada with the best team in Baja will provide you with a very pleasant diving experience.\",\"breadcrumb\":{\"@id\":\"https:\/\/californianorte.com\/product\/scuba-diving-discovery\/#breadcrumb\"},\"inLanguage\":\"es\",\"potentialAction\":[{\"@type\":\"ReadAction\",\"target\":[\"https:\/\/californianorte.com\/product\/scuba-diving-discovery\/\"]}]},{\"@type\":\"ImageObject\",\"inLanguage\":\"es\",\"@id\":\"https:\/\/californianorte.com\/product\/scuba-diving-discovery\/#primaryimage\",\"url\":\"https:\/\/californianorte.com\/wp-content\/uploads\/2021\/08\/scuba-diving-in-ensenada.jpg\",\"contentUrl\":\"https:\/\/californianorte.com\/wp-content\/uploads\/2021\/08\/scuba-diving-in-ensenada.jpg\",\"width\":800,\"height\":800,\"caption\":\"scuba diving in ensenada\"},{\"@type\":\"BreadcrumbList\",\"@id\":\"https:\/\/californianorte.com\/product\/scuba-diving-discovery\/#breadcrumb\",\"itemListElement\":[{\"@type\":\"ListItem\",\"position\":1,\"name\":\"Home\",\"item\":\"https:\/\/californianorte.com\/\"},{\"@type\":\"ListItem\",\"position\":2,\"name\":\"Shop\",\"item\":\"https:\/\/californianorte.com\/es\/shop\/\"},{\"@type\":\"ListItem\",\"position\":3,\"name\":\"Scuba Diving Discovery\"}]},{\"@type\":\"WebSite\",\"@id\":\"https:\/\/californianorte.com\/#website\",\"url\":\"https:\/\/californianorte.com\/\",\"name\":\"Tours California Norte\",\"description\":\"Sportfishing Ensenada Tours\",\"potentialAction\":[{\"@type\":\"SearchAction\",\"target\":{\"@type\":\"EntryPoint\",\"urlTemplate\":\"https:\/\/californianorte.com\/?s={search_term_string}\"},\"query-input\":{\"@type\":\"PropertyValueSpecification\",\"valueRequired\":true,\"valueName\":\"search_term_string\"}}],\"inLanguage\":\"es\"}]}<\/script>\n<!-- \/ Yoast SEO plugin. -->","yoast_head_json":{"title":"Scuba Diving Discovery Ensenada Baja California - Tours California Norte","description":"Scuba Diving in Ensenada with the best team in Baja will provide you with a very pleasant diving experience.","robots":{"index":"index","follow":"follow","max-snippet":"max-snippet:-1","max-image-preview":"max-image-preview:large","max-video-preview":"max-video-preview:-1"},"canonical":"https:\/\/californianorte.com\/es\/producto\/scuba-diving-discovery\/","og_locale":"es_MX","og_type":"article","og_title":"Scuba Diving Discovery Ensenada Baja California - Tours California Norte","og_description":"Scuba Diving in Ensenada with the best team in Baja will provide you with a very pleasant diving experience.","og_url":"https:\/\/californianorte.com\/es\/producto\/scuba-diving-discovery\/","og_site_name":"Tours California Norte","article_modified_time":"2026-01-13T18:47:19+00:00","og_image":[{"width":800,"height":800,"url":"https:\/\/californianorte.com\/wp-content\/uploads\/2021\/08\/scuba-diving-in-ensenada.jpg","type":"image\/jpeg"}],"twitter_card":"summary_large_image","twitter_misc":{"Tiempo de lectura":"1 minuto"},"schema":{"@context":"https:\/\/schema.org","@graph":[{"@type":"WebPage","@id":"https:\/\/californianorte.com\/product\/scuba-diving-discovery\/","url":"https:\/\/californianorte.com\/product\/scuba-diving-discovery\/","name":"Scuba Diving Discovery Ensenada Baja California - Tours California Norte","isPartOf":{"@id":"https:\/\/californianorte.com\/#website"},"primaryImageOfPage":{"@id":"https:\/\/californianorte.com\/product\/scuba-diving-discovery\/#primaryimage"},"image":{"@id":"https:\/\/californianorte.com\/product\/scuba-diving-discovery\/#primaryimage"},"thumbnailUrl":"https:\/\/californianorte.com\/wp-content\/uploads\/2021\/08\/scuba-diving-in-ensenada.jpg","datePublished":"2021-08-04T19:04:09+00:00","dateModified":"2026-01-13T18:47:19+00:00","description":"Scuba Diving in Ensenada with the best team in Baja will provide you with a very pleasant diving experience.","breadcrumb":{"@id":"https:\/\/californianorte.com\/product\/scuba-diving-discovery\/#breadcrumb"},"inLanguage":"es","potentialAction":[{"@type":"ReadAction","target":["https:\/\/californianorte.com\/product\/scuba-diving-discovery\/"]}]},{"@type":"ImageObject","inLanguage":"es","@id":"https:\/\/californianorte.com\/product\/scuba-diving-discovery\/#primaryimage","url":"https:\/\/californianorte.com\/wp-content\/uploads\/2021\/08\/scuba-diving-in-ensenada.jpg","contentUrl":"https:\/\/californianorte.com\/wp-content\/uploads\/2021\/08\/scuba-diving-in-ensenada.jpg","width":800,"height":800,"caption":"scuba diving in ensenada"},{"@type":"BreadcrumbList","@id":"https:\/\/californianorte.com\/product\/scuba-diving-discovery\/#breadcrumb","itemListElement":[{"@type":"ListItem","position":1,"name":"Home","item":"https:\/\/californianorte.com\/"},{"@type":"ListItem","position":2,"name":"Shop","item":"https:\/\/californianorte.com\/es\/shop\/"},{"@type":"ListItem","position":3,"name":"Scuba Diving Discovery"}]},{"@type":"WebSite","@id":"https:\/\/californianorte.com\/#website","url":"https:\/\/californianorte.com\/","name":"Tours California Norte","description":"Sportfishing Ensenada Tours","potentialAction":[{"@type":"SearchAction","target":{"@type":"EntryPoint","urlTemplate":"https:\/\/californianorte.com\/?s={search_term_string}"},"query-input":{"@type":"PropertyValueSpecification","valueRequired":true,"valueName":"search_term_string"}}],"inLanguage":"es"}]}},"_links":{"self":[{"href":"https:\/\/californianorte.com\/es\/wp-json\/wp\/v2\/product\/1011","targetHints":{"allow":["GET"]}}],"collection":[{"href":"https:\/\/californianorte.com\/es\/wp-json\/wp\/v2\/product"}],"about":[{"href":"https:\/\/californianorte.com\/es\/wp-json\/wp\/v2\/types\/product"}],"replies":[{"embeddable":true,"href":"https:\/\/californianorte.com\/es\/wp-json\/wp\/v2\/comments?post=1011"}],"wp:featuredmedia":[{"embeddable":true,"href":"https:\/\/californianorte.com\/es\/wp-json\/wp\/v2\/media\/1012"}],"wp:attachment":[{"href":"https:\/\/californianorte.com\/es\/wp-json\/wp\/v2\/media?parent=1011"}],"wp:term":[{"taxonomy":"product_brand","embeddable":true,"href":"https:\/\/californianorte.com\/es\/wp-json\/wp\/v2\/product_brand?post=1011"},{"taxonomy":"product_cat","embeddable":true,"href":"https:\/\/californianorte.com\/es\/wp-json\/wp\/v2\/product_cat?post=1011"},{"taxonomy":"product_tag","embeddable":true,"href":"https:\/\/californianorte.com\/es\/wp-json\/wp\/v2\/product_tag?post=1011"}],"curies":[{"name":"wp","href":"https:\/\/api.w.org\/{rel}","templated":true}]}}